{"id":266,"date":"2024-09-19T13:13:08","date_gmt":"2024-09-19T13:13:08","guid":{"rendered":"https:\/\/uppycart.com\/ofertas_empleo_hosteleria\/?page_id=266"},"modified":"2025-01-29T19:36:15","modified_gmt":"2025-01-29T19:36:15","slug":"registro-candidato","status":"publish","type":"page","link":"https:\/\/uppycart.com\/ofertas_empleo_hosteleria\/registro-candidato\/","title":{"rendered":"Registro candidato"},"content":{"rendered":"\n<p class=\"has-text-align-center\"><\/p>\n\n\n\n<div style=\"height:40px\" aria-hidden=\"true\" class=\"wp-block-spacer\"><\/div>\n\n\n<style id=\"wpforms-css-vars-243-block-72575e3f-7e48-41d9-a297-e255fbbd2a94\">\n\t\t\t\t#wpforms-243.wpforms-block-72575e3f-7e48-41d9-a297-e255fbbd2a94 {\n\t\t\t\t--wpforms-label-color: #333333;\n--wpforms-field-text-color: #333333;\n--wpforms-container-padding: ;\n--wpforms-button-background-color: #3040c4;\n--wpforms-field-size-input-height: 43px;\n--wpforms-field-size-input-spacing: 15px;\n--wpforms-field-size-font-size: 16px;\n--wpforms-field-size-line-height: 19px;\n--wpforms-field-size-padding-h: 14px;\n--wpforms-field-size-checkbox-size: 16px;\n--wpforms-field-size-sublabel-spacing: 5px;\n--wpforms-field-size-icon-size: 1;\n--wpforms-label-size-font-size: 16px;\n--wpforms-label-size-line-height: 19px;\n--wpforms-label-size-sublabel-font-size: 14px;\n--wpforms-label-size-sublabel-line-height: 17px;\n--wpforms-button-size-font-size: 17px;\n--wpforms-button-size-height: 41px;\n--wpforms-button-size-padding-h: 15px;\n--wpforms-button-size-margin-top: 10px;\n--wpforms-container-shadow-size-box-shadow: none;\n\t\t\t}\n\t\t\t<\/style><div class=\"wpforms-container wpforms-container-full wpforms-block wpforms-block-72575e3f-7e48-41d9-a297-e255fbbd2a94 wpforms-render-modern\" id=\"wpforms-243\"><form id=\"wpforms-form-243\" class=\"wpforms-validate wpforms-form\" data-formid=\"243\" method=\"post\" enctype=\"multipart\/form-data\" action=\"\/ofertas_empleo_hosteleria\/wp-json\/wp\/v2\/pages\/266\" data-token=\"e317a012e1e22afe1892fbbe67e5d9e4\" data-token-time=\"1777571878\"><noscript class=\"wpforms-error-noscript\">Por favor, activa JavaScript en tu navegador para completar este formulario.<\/noscript><div id=\"wpforms-error-noscript\" style=\"display: none;\">Por favor, activa JavaScript en tu navegador para completar este formulario.<\/div><div class=\"wpforms-field-container\">\t\t<div id=\"wpforms-243-field_1-container\"\n\t\t\tclass=\"wpforms-field wpforms-field-text\"\n\t\t\tdata-field-type=\"text\"\n\t\t\tdata-field-id=\"1\"\n\t\t\t>\n\t\t\t<label class=\"wpforms-field-label\" for=\"wpforms-243-field_1\" >Password Email<\/label>\n\t\t\t<input type=\"text\" id=\"wpforms-243-field_1\" class=\"wpforms-field-medium\" name=\"wpforms[fields][1]\" >\n\t\t<\/div>\n\t\t<div id=\"wpforms-243-field_3-container\" class=\"wpforms-field wpforms-field-email\" data-field-id=\"3\"><label class=\"wpforms-field-label\" for=\"wpforms-243-field_3\">Email <span class=\"wpforms-required-label\" aria-hidden=\"true\">*<\/span><\/label><input type=\"email\" id=\"wpforms-243-field_3\" class=\"wpforms-field-medium wpforms-field-required\" name=\"wpforms[fields][3]\" spellcheck=\"false\" aria-errormessage=\"wpforms-243-field_3-error\" required><\/div><div id=\"wpforms-243-field_4-container\" class=\"wpforms-field wpforms-field-password\" data-field-id=\"4\"><fieldset><legend class=\"wpforms-field-label\">Password <span class=\"wpforms-required-label\" aria-hidden=\"true\">*<\/span><\/legend><div class=\"wpforms-field-row wpforms-field-medium\"><div class=\"wpforms-field-row-block wpforms-one-half wpforms-first\"><input type=\"password\" id=\"wpforms-243-field_4\" class=\"wpforms-field-required wpforms-field-password-primary\" data-rule-password-strength=\"1\" data-password-strength-level=\"3\" name=\"wpforms[fields][4][primary]\" spellcheck=\"false\" aria-errormessage=\"wpforms-243-field_4-error\" required><label for=\"wpforms-243-field_4\" class=\"wpforms-field-sublabel after\">Contrase\u00f1a<\/label><\/div><div class=\"wpforms-field-row-block wpforms-one-half\"><input type=\"password\" id=\"wpforms-243-field_4-secondary\" class=\"wpforms-field-password-secondary wpforms-field-required\" data-rule-confirm=\"#wpforms-243-field_4\" name=\"wpforms[fields][4][secondary]\" spellcheck=\"false\" aria-errormessage=\"wpforms-243-field_4-secondary-error\" required><label for=\"wpforms-243-field_4-secondary\" class=\"wpforms-field-sublabel after\">Confirmar contrase\u00f1a<\/label><\/div><\/div><\/fieldset><\/div><script>\n\t\t\t\t( function() {\n\t\t\t\t\tconst style = document.createElement( 'style' );\n\t\t\t\t\tstyle.appendChild( document.createTextNode( '#wpforms-243-field_1-container { position: absolute !important; overflow: hidden !important; display: inline !important; height: 1px !important; width: 1px !important; z-index: -1000 !important; padding: 0 !important; } #wpforms-243-field_1-container input { visibility: hidden; } #wpforms-conversational-form-page #wpforms-243-field_1-container label { counter-increment: none; }' ) );\n\t\t\t\t\tdocument.head.appendChild( style );\n\t\t\t\t\tdocument.currentScript?.remove();\n\t\t\t\t} )();\n\t\t\t<\/script><\/div><!-- .wpforms-field-container --><div class=\"wpforms-recaptcha-container wpforms-is-recaptcha wpforms-is-recaptcha-type-v3\" ><input type=\"hidden\" name=\"wpforms[recaptcha]\" value=\"\"><\/div><div class=\"wpforms-submit-container\" ><input type=\"hidden\" name=\"wpforms[id]\" value=\"243\"><input type=\"hidden\" name=\"page_title\" value=\"\"><input type=\"hidden\" name=\"page_url\" value=\"https:\/\/uppycart.com\/ofertas_empleo_hosteleria\/wp-json\/wp\/v2\/pages\/266\"><input type=\"hidden\" name=\"url_referer\" value=\"\"><button type=\"submit\" name=\"wpforms[submit]\" id=\"wpforms-submit-243\" class=\"wpforms-submit\" data-alt-text=\"Dando de alta\" data-submit-text=\"Registrarme\" aria-live=\"assertive\" value=\"wpforms-submit\">Registrarme<\/button><\/div><\/form><\/div>  <!-- .wpforms-container -->\n\n\n<p class=\"has-text-align-center\"><\/p>\n\n\n\n<div style=\"height:100px\" aria-hidden=\"true\" class=\"wp-block-spacer\"><\/div>\n\n\n\n<div class=\"wp-block-columns alignfull are-vertically-aligned-center has-base-2-background-color has-background is-layout-flex wp-container-core-columns-is-layout-28f84493 wp-block-columns-is-layout-flex\">\n<div class=\"wp-block-column is-vertically-aligned-center has-base-2-background-color has-background has-global-padding is-layout-constrained wp-block-column-is-layout-constrained\">\n<div class=\"wp-block-columns is-layout-flex wp-container-core-columns-is-layout-ef350914 wp-block-columns-is-layout-flex\" style=\"padding-top:var(--wp--preset--spacing--30);padding-bottom:var(--wp--preset--spacing--30)\">\n<div class=\"wp-block-column is-vertically-aligned-center is-layout-flow wp-block-column-is-layout-flow\">\n<h3 class=\"wp-block-heading\" id=\"h-digitaliza-tu-carta-gratis\">Digitaliza tu carta gratis<\/h3>\n\n\n\n<ul class=\"wp-block-list is-style-checkmark-list\">\n<li>Actualizaci\u00f3n f\u00e1cil y r\u00e1pida<\/li>\n\n\n\n<li>Acceso v\u00eda c\u00f3digo QR<\/li>\n\n\n\n<li>100% gratuito<\/li>\n\n\n\n<li>Directorio de cartas<\/li>\n<\/ul>\n\n\n\n<div class=\"wp-block-buttons is-content-justification-left is-layout-flex wp-container-core-buttons-is-layout-a53e7e97 wp-block-buttons-is-layout-flex\">\n<div class=\"wp-block-button\"><a class=\"wp-block-button__link wp-element-button\" href=\"https:\/\/uppycart.com\/\" target=\"_blank\" rel=\"noreferrer noopener\">\u00bfQuieres saber m\u00e1s?<\/a><\/div>\n\n\n\n<div class=\"wp-block-button is-style-fill\"><a class=\"wp-block-button__link has-contrast-color has-base-2-background-color has-text-color has-background has-link-color has-border-color has-contrast-border-color wp-element-button\" href=\"https:\/\/uppycart.com\/#registocuenta\" style=\"border-width:1px\" target=\"_blank\" rel=\"noreferrer noopener\">Reg\u00edstrate GRATIS<\/a><\/div>\n<\/div>\n<\/div>\n\n\n\n<div class=\"wp-block-column is-layout-flow wp-block-column-is-layout-flow\">\n<figure class=\"wp-block-image size-full has-custom-border is-style-default\"><img decoding=\"async\" width=\"1024\" height=\"681\" src=\"https:\/\/uppycart.com\/ofertas_empleo_hosteleria\/wp-content\/uploads\/2024\/09\/carta-digital-gratis.jpg\" alt=\"Carta digital GRATIS\" class=\"wp-image-565\" style=\"border-radius:24px\" srcset=\"https:\/\/uppycart.com\/ofertas_empleo_hosteleria\/wp-content\/uploads\/2024\/09\/carta-digital-gratis.jpg 1024w, https:\/\/uppycart.com\/ofertas_empleo_hosteleria\/wp-content\/uploads\/2024\/09\/carta-digital-gratis-300x200.jpg 300w, https:\/\/uppycart.com\/ofertas_empleo_hosteleria\/wp-content\/uploads\/2024\/09\/carta-digital-gratis-768x511.jpg 768w\" sizes=\"(max-width: 1024px) 100vw, 1024px\" \/><\/figure>\n<\/div>\n<\/div>\n<\/div>\n<\/div>\n\n\n\n<p><\/p>\n","protected":false},"excerpt":{"rendered":"","protected":false},"author":1,"featured_media":0,"parent":0,"menu_order":0,"comment_status":"closed","ping_status":"closed","template":"","meta":{"inline_featured_image":false,"footnotes":""},"class_list":["post-266","page","type-page","status-publish","hentry"],"yoast_head":"<!-- This site is optimized with the Yoast SEO Premium plugin v27.4 (Yoast SEO v27.5) - https:\/\/yoast.com\/product\/yoast-seo-premium-wordpress\/ -->\n<title>Registro candidato - Ofertas de Empleo en Hosteler\u00eda<\/title>\n<meta name=\"description\" content=\"\u00a1\u00danete a nuestra comunidad de hosteler\u00eda! Crea tu perfil, sube tu curr\u00edculum y accede a las mejores ofertas de empleo del sector.\" \/>\n<meta name=\"robots\" content=\"noindex, follow\" \/>\n<meta property=\"og:locale\" content=\"es_ES\" \/>\n<meta property=\"og:type\" content=\"article\" \/>\n<meta property=\"og:title\" content=\"Registro candidato\" \/>\n<meta property=\"og:description\" content=\"\u00a1\u00danete a nuestra comunidad de hosteler\u00eda! Crea tu perfil, sube tu curr\u00edculum y accede a las mejores ofertas de empleo del sector.\" \/>\n<meta property=\"og:url\" content=\"https:\/\/uppycart.com\/ofertas_empleo_hosteleria\/registro-candidato\/\" \/>\n<meta property=\"og:site_name\" content=\"Ofertas de Empleo en Hosteler\u00eda\" \/>\n<meta property=\"article:publisher\" content=\"https:\/\/www.facebook.com\/Uppycart\" \/>\n<meta property=\"article:modified_time\" content=\"2025-01-29T19:36:15+00:00\" \/>\n<meta property=\"og:image\" content=\"https:\/\/uppycart.com\/ofertas_empleo_hosteleria\/wp-content\/uploads\/2024\/10\/portal-empleo-profesionales-hosteleria-portada.png\" \/>\n\t<meta property=\"og:image:width\" content=\"1920\" \/>\n\t<meta property=\"og:image:height\" content=\"1080\" \/>\n\t<meta property=\"og:image:type\" content=\"image\/png\" \/>\n<meta name=\"twitter:card\" content=\"summary_large_image\" \/>\n<meta name=\"twitter:image\" content=\"https:\/\/uppycart.com\/ofertas_empleo_hosteleria\/wp-content\/uploads\/2024\/10\/portal-empleo-profesionales-hosteleria-portada.png\" \/>\n<meta name=\"twitter:site\" content=\"@uppycart\" \/>\n<meta name=\"twitter:label1\" content=\"Tiempo de lectura\" \/>\n\t<meta name=\"twitter:data1\" content=\"1 minuto\" \/>\n<script type=\"application\/ld+json\" class=\"yoast-schema-graph\">{\"@context\":\"https:\\\/\\\/schema.org\",\"@graph\":[{\"@type\":\"WebPage\",\"@id\":\"https:\\\/\\\/uppycart.com\\\/ofertas_empleo_hosteleria\\\/registro-candidato\\\/\",\"url\":\"https:\\\/\\\/uppycart.com\\\/ofertas_empleo_hosteleria\\\/registro-candidato\\\/\",\"name\":\"Registro candidato - Ofertas de Empleo en Hosteler\u00eda\",\"isPartOf\":{\"@id\":\"https:\\\/\\\/uppycart.com\\\/ofertas_empleo_hosteleria\\\/#website\"},\"datePublished\":\"2024-09-19T13:13:08+00:00\",\"dateModified\":\"2025-01-29T19:36:15+00:00\",\"description\":\"\u00a1\u00danete a nuestra comunidad de hosteler\u00eda! Crea tu perfil, sube tu curr\u00edculum y accede a las mejores ofertas de empleo del sector.\",\"breadcrumb\":{\"@id\":\"https:\\\/\\\/uppycart.com\\\/ofertas_empleo_hosteleria\\\/registro-candidato\\\/#breadcrumb\"},\"inLanguage\":\"es\",\"potentialAction\":[{\"@type\":\"ReadAction\",\"target\":[\"https:\\\/\\\/uppycart.com\\\/ofertas_empleo_hosteleria\\\/registro-candidato\\\/\"]}]},{\"@type\":\"BreadcrumbList\",\"@id\":\"https:\\\/\\\/uppycart.com\\\/ofertas_empleo_hosteleria\\\/registro-candidato\\\/#breadcrumb\",\"itemListElement\":[{\"@type\":\"ListItem\",\"position\":1,\"name\":\"Portada\",\"item\":\"https:\\\/\\\/uppycart.com\\\/ofertas_empleo_hosteleria\\\/\"},{\"@type\":\"ListItem\",\"position\":2,\"name\":\"Registro candidato\"}]},{\"@type\":\"WebSite\",\"@id\":\"https:\\\/\\\/uppycart.com\\\/ofertas_empleo_hosteleria\\\/#website\",\"url\":\"https:\\\/\\\/uppycart.com\\\/ofertas_empleo_hosteleria\\\/\",\"name\":\"Ofertas de Empleo en Hosteler\u00eda\",\"description\":\"Portal de empleo especializado en el sector de hosteler\u00eda, conectando a profesionales con ofertas de trabajo en restaurantes, hoteles, bares y cafeter\u00edas. Encuentra oportunidades laborales en cocina, sala, recepci\u00f3n y m\u00e1s.\",\"publisher\":{\"@id\":\"https:\\\/\\\/uppycart.com\\\/ofertas_empleo_hosteleria\\\/#organization\"},\"alternateName\":\"Uppycart\",\"potentialAction\":[{\"@type\":\"SearchAction\",\"target\":{\"@type\":\"EntryPoint\",\"urlTemplate\":\"https:\\\/\\\/uppycart.com\\\/ofertas_empleo_hosteleria\\\/?s={search_term_string}\"},\"query-input\":{\"@type\":\"PropertyValueSpecification\",\"valueRequired\":true,\"valueName\":\"search_term_string\"}}],\"inLanguage\":\"es\"},{\"@type\":\"Organization\",\"@id\":\"https:\\\/\\\/uppycart.com\\\/ofertas_empleo_hosteleria\\\/#organization\",\"name\":\"Uppycart\",\"alternateName\":\"Uppycart.com\",\"url\":\"https:\\\/\\\/uppycart.com\\\/ofertas_empleo_hosteleria\\\/\",\"logo\":{\"@type\":\"ImageObject\",\"inLanguage\":\"es\",\"@id\":\"https:\\\/\\\/uppycart.com\\\/ofertas_empleo_hosteleria\\\/#\\\/schema\\\/logo\\\/image\\\/\",\"url\":\"https:\\\/\\\/uppycart.com\\\/ofertas_empleo_hosteleria\\\/wp-content\\\/uploads\\\/2024\\\/10\\\/uppycart-icon.svg\",\"contentUrl\":\"https:\\\/\\\/uppycart.com\\\/ofertas_empleo_hosteleria\\\/wp-content\\\/uploads\\\/2024\\\/10\\\/uppycart-icon.svg\",\"width\":500,\"height\":500,\"caption\":\"Uppycart\"},\"image\":{\"@id\":\"https:\\\/\\\/uppycart.com\\\/ofertas_empleo_hosteleria\\\/#\\\/schema\\\/logo\\\/image\\\/\"},\"sameAs\":[\"https:\\\/\\\/www.facebook.com\\\/Uppycart\",\"https:\\\/\\\/x.com\\\/uppycart\",\"https:\\\/\\\/www.instagram.com\\\/uppycart\\\/\",\"https:\\\/\\\/www.linkedin.com\\\/company\\\/uppycart\\\/\"],\"description\":\"Portal de empleo especializado en el sector de hosteler\u00eda, conectando a profesionales con ofertas de trabajo en restaurantes, hoteles, bares y cafeter\u00edas. Encuentra oportunidades laborales en cocina, sala, recepci\u00f3n y m\u00e1s.\",\"email\":\"support@uppycart.com\",\"legalName\":\"Uppycart\",\"foundingDate\":\"2021-01-01\",\"numberOfEmployees\":{\"@type\":\"QuantitativeValue\",\"minValue\":\"1\",\"maxValue\":\"10\"}}]}<\/script>\n<!-- \/ Yoast SEO Premium plugin. -->","yoast_head_json":{"title":"Registro candidato - Ofertas de Empleo en Hosteler\u00eda","description":"\u00a1\u00danete a nuestra comunidad de hosteler\u00eda! Crea tu perfil, sube tu curr\u00edculum y accede a las mejores ofertas de empleo del sector.","robots":{"index":"noindex","follow":"follow"},"og_locale":"es_ES","og_type":"article","og_title":"Registro candidato","og_description":"\u00a1\u00danete a nuestra comunidad de hosteler\u00eda! Crea tu perfil, sube tu curr\u00edculum y accede a las mejores ofertas de empleo del sector.","og_url":"https:\/\/uppycart.com\/ofertas_empleo_hosteleria\/registro-candidato\/","og_site_name":"Ofertas de Empleo en Hosteler\u00eda","article_publisher":"https:\/\/www.facebook.com\/Uppycart","article_modified_time":"2025-01-29T19:36:15+00:00","og_image":[{"width":1920,"height":1080,"url":"https:\/\/uppycart.com\/ofertas_empleo_hosteleria\/wp-content\/uploads\/2024\/10\/portal-empleo-profesionales-hosteleria-portada.png","type":"image\/png"}],"twitter_card":"summary_large_image","twitter_image":"https:\/\/uppycart.com\/ofertas_empleo_hosteleria\/wp-content\/uploads\/2024\/10\/portal-empleo-profesionales-hosteleria-portada.png","twitter_site":"@uppycart","twitter_misc":{"Tiempo de lectura":"1 minuto"},"schema":{"@context":"https:\/\/schema.org","@graph":[{"@type":"WebPage","@id":"https:\/\/uppycart.com\/ofertas_empleo_hosteleria\/registro-candidato\/","url":"https:\/\/uppycart.com\/ofertas_empleo_hosteleria\/registro-candidato\/","name":"Registro candidato - Ofertas de Empleo en Hosteler\u00eda","isPartOf":{"@id":"https:\/\/uppycart.com\/ofertas_empleo_hosteleria\/#website"},"datePublished":"2024-09-19T13:13:08+00:00","dateModified":"2025-01-29T19:36:15+00:00","description":"\u00a1\u00danete a nuestra comunidad de hosteler\u00eda! Crea tu perfil, sube tu curr\u00edculum y accede a las mejores ofertas de empleo del sector.","breadcrumb":{"@id":"https:\/\/uppycart.com\/ofertas_empleo_hosteleria\/registro-candidato\/#breadcrumb"},"inLanguage":"es","potentialAction":[{"@type":"ReadAction","target":["https:\/\/uppycart.com\/ofertas_empleo_hosteleria\/registro-candidato\/"]}]},{"@type":"BreadcrumbList","@id":"https:\/\/uppycart.com\/ofertas_empleo_hosteleria\/registro-candidato\/#breadcrumb","itemListElement":[{"@type":"ListItem","position":1,"name":"Portada","item":"https:\/\/uppycart.com\/ofertas_empleo_hosteleria\/"},{"@type":"ListItem","position":2,"name":"Registro candidato"}]},{"@type":"WebSite","@id":"https:\/\/uppycart.com\/ofertas_empleo_hosteleria\/#website","url":"https:\/\/uppycart.com\/ofertas_empleo_hosteleria\/","name":"Ofertas de Empleo en Hosteler\u00eda","description":"Portal de empleo especializado en el sector de hosteler\u00eda, conectando a profesionales con ofertas de trabajo en restaurantes, hoteles, bares y cafeter\u00edas. Encuentra oportunidades laborales en cocina, sala, recepci\u00f3n y m\u00e1s.","publisher":{"@id":"https:\/\/uppycart.com\/ofertas_empleo_hosteleria\/#organization"},"alternateName":"Uppycart","potentialAction":[{"@type":"SearchAction","target":{"@type":"EntryPoint","urlTemplate":"https:\/\/uppycart.com\/ofertas_empleo_hosteleria\/?s={search_term_string}"},"query-input":{"@type":"PropertyValueSpecification","valueRequired":true,"valueName":"search_term_string"}}],"inLanguage":"es"},{"@type":"Organization","@id":"https:\/\/uppycart.com\/ofertas_empleo_hosteleria\/#organization","name":"Uppycart","alternateName":"Uppycart.com","url":"https:\/\/uppycart.com\/ofertas_empleo_hosteleria\/","logo":{"@type":"ImageObject","inLanguage":"es","@id":"https:\/\/uppycart.com\/ofertas_empleo_hosteleria\/#\/schema\/logo\/image\/","url":"https:\/\/uppycart.com\/ofertas_empleo_hosteleria\/wp-content\/uploads\/2024\/10\/uppycart-icon.svg","contentUrl":"https:\/\/uppycart.com\/ofertas_empleo_hosteleria\/wp-content\/uploads\/2024\/10\/uppycart-icon.svg","width":500,"height":500,"caption":"Uppycart"},"image":{"@id":"https:\/\/uppycart.com\/ofertas_empleo_hosteleria\/#\/schema\/logo\/image\/"},"sameAs":["https:\/\/www.facebook.com\/Uppycart","https:\/\/x.com\/uppycart","https:\/\/www.instagram.com\/uppycart\/","https:\/\/www.linkedin.com\/company\/uppycart\/"],"description":"Portal de empleo especializado en el sector de hosteler\u00eda, conectando a profesionales con ofertas de trabajo en restaurantes, hoteles, bares y cafeter\u00edas. Encuentra oportunidades laborales en cocina, sala, recepci\u00f3n y m\u00e1s.","email":"support@uppycart.com","legalName":"Uppycart","foundingDate":"2021-01-01","numberOfEmployees":{"@type":"QuantitativeValue","minValue":"1","maxValue":"10"}}]}},"_links":{"self":[{"href":"https:\/\/uppycart.com\/ofertas_empleo_hosteleria\/wp-json\/wp\/v2\/pages\/266","targetHints":{"allow":["GET"]}}],"collection":[{"href":"https:\/\/uppycart.com\/ofertas_empleo_hosteleria\/wp-json\/wp\/v2\/pages"}],"about":[{"href":"https:\/\/uppycart.com\/ofertas_empleo_hosteleria\/wp-json\/wp\/v2\/types\/page"}],"author":[{"embeddable":true,"href":"https:\/\/uppycart.com\/ofertas_empleo_hosteleria\/wp-json\/wp\/v2\/users\/1"}],"replies":[{"embeddable":true,"href":"https:\/\/uppycart.com\/ofertas_empleo_hosteleria\/wp-json\/wp\/v2\/comments?post=266"}],"version-history":[{"count":2,"href":"https:\/\/uppycart.com\/ofertas_empleo_hosteleria\/wp-json\/wp\/v2\/pages\/266\/revisions"}],"predecessor-version":[{"id":624,"href":"https:\/\/uppycart.com\/ofertas_empleo_hosteleria\/wp-json\/wp\/v2\/pages\/266\/revisions\/624"}],"wp:attachment":[{"href":"https:\/\/uppycart.com\/ofertas_empleo_hosteleria\/wp-json\/wp\/v2\/media?parent=266"}],"curies":[{"name":"wp","href":"https:\/\/api.w.org\/{rel}","templated":true}]}}