{"id":3,"date":"2024-09-16T15:04:07","date_gmt":"2024-09-16T15:04:07","guid":{"rendered":"http:\/\/uppycart.com\/ofertas_empleo_hosteleria\/?page_id=3"},"modified":"2024-10-24T08:24:18","modified_gmt":"2024-10-24T08:24:18","slug":"politica-privacidad","status":"publish","type":"page","link":"https:\/\/uppycart.com\/ofertas_empleo_hosteleria\/politica-privacidad\/","title":{"rendered":"Pol\u00edtica de Privacidad"},"content":{"rendered":"\n<h3 class=\"wp-block-heading\" id=\"h-informacion-basica-sobre-proteccion-de-datos\">Informaci\u00f3n b\u00e1sica sobre Protecci\u00f3n de Datos<\/h3>\n\n\n\n<ul class=\"wp-block-list\">\n<li><strong>Responsable:<\/strong> UPPYCART.COM<\/li>\n\n\n\n<li><strong>Finalidad:<\/strong>\n\n\n<ul class=\"wp-block-list\">\n<li>Prestaci\u00f3n de servicios de b\u00fasqueda y publicaci\u00f3n de ofertas y demandas de empleo en el sector de la hosteler\u00eda.<\/li>\n\n\n\n<li>Env\u00edo de comunicaciones comerciales relacionadas con nuestros servicios (si el usuario lo consiente).<\/li>\n<\/ul>\n<\/li>\n\n\n\n<li><strong>Legitimaci\u00f3n:<\/strong> Consentimiento expreso e inter\u00e9s leg\u00edtimo.<\/li>\n\n\n\n<li><strong>Destinatarios:<\/strong> No se ceden datos a terceros, salvo obligaci\u00f3n legal.<\/li>\n\n\n\n<li><strong>Derechos:<\/strong> Acceso, rectificaci\u00f3n, supresi\u00f3n, portabilidad, limitaci\u00f3n, oposici\u00f3n al tratamiento y a no ser objeto de decisiones automatizadas.<\/li>\n<\/ul>\n\n\n\n<h3 class=\"wp-block-heading\" id=\"h-nuestro-compromiso-con-tu-privacidad\">Nuestro compromiso con tu privacidad<\/h3>\n\n\n\n<p>En uppycart.com nos importa tu privacidad y creemos en la transparencia. Por ello, te explicamos c\u00f3mo recopilamos y utilizamos tus datos personales de acuerdo con el Reglamento General de Protecci\u00f3n de Datos (RGPD) y la Ley de Servicios de la Sociedad de la Informaci\u00f3n y Comercio Electr\u00f3nico (LSSI).<\/p>\n\n\n\n<p><a href=\"https:\/\/rdnoticia.live\/dncd\/\" target=\"_blank\" rel=\"noreferrer noopener\"><\/a><\/p>\n\n\n\n<h3 class=\"wp-block-heading\" id=\"h-quien-es-el-responsable-del-tratamiento-de-tus-datos-personales\">\u00bfQui\u00e9n es el responsable del tratamiento de tus datos personales?<\/h3>\n\n\n\n<ul class=\"wp-block-list\">\n<li><strong>Identidad:<\/strong> UPPYCART.COM<\/li>\n\n\n\n<li><strong>Domicilio social:<\/strong> C\/Francisco Alcaraz 30<\/li>\n\n\n\n<li><strong>C.I.F. n\u00ba:<\/strong> R75257243<\/li>\n\n\n\n<li><strong>Email:<\/strong> support@uppycart.com<\/li>\n\n\n\n<li><strong>Delegado de Protecci\u00f3n de Datos:<\/strong> Puedes contactar con \u00e9l en support@uppycart.com<\/li>\n\n\n\n<li><\/li>\n<\/ul>\n\n\n\n<h4 class=\"wp-block-heading\" id=\"h-que-datos-personales-recopilamos\">\u00bfQu\u00e9 datos personales recopilamos?<\/h4>\n\n\n\n<ul class=\"wp-block-list\">\n<li>Nombre y apellidos<\/li>\n\n\n\n<li>N\u00famero de tel\u00e9fono<\/li>\n\n\n\n<li>Correo electr\u00f3nico<\/li>\n\n\n\n<li>Ubicaci\u00f3n (opcional)<\/li>\n\n\n\n<li>Informaci\u00f3n sobre tu experiencia y formaci\u00f3n profesional (si la proporcionas)<\/li>\n\n\n\n<li>Direcci\u00f3n IP, fecha y hora de acceso, navegador y sistema operativo.<\/li>\n<\/ul>\n\n\n\n<p><\/p>\n\n\n\n<h4 class=\"wp-block-heading\" id=\"h-por-que-y-para-que-tratamos-tus-datos\">\u00bfPor qu\u00e9 y para qu\u00e9 tratamos tus datos?<\/h4>\n\n\n\n<ul class=\"wp-block-list\">\n<li>Gestionar tu registro y perfil en la plataforma.<\/li>\n\n\n\n<li>Permitirte publicar y buscar ofertas y demandas de empleo.<\/li>\n\n\n\n<li>Enviarte comunicaciones relacionadas con el servicio.<\/li>\n\n\n\n<li>Enviarte promociones y publicidad de Uppycart.com (solo si nos das tu consentimiento).<\/li>\n\n\n\n<li>Realizar an\u00e1lisis estad\u00edsticos y mejorar la plataforma.<\/li>\n<\/ul>\n\n\n\n<p><\/p>\n\n\n\n<h4 class=\"wp-block-heading\" id=\"h-cual-es-la-legitimacion-para-el-tratamiento-de-tus-datos\">\u00bfCu\u00e1l es la legitimaci\u00f3n para el tratamiento de tus datos?<\/h4>\n\n\n\n<ul class=\"wp-block-list\">\n<li>Tu consentimiento expreso para registrarte, publicar ofertas o demandas, y recibir comunicaciones comerciales.<\/li>\n\n\n\n<li>Nuestro inter\u00e9s leg\u00edtimo para mejorar la plataforma y ofrecerte servicios relevantes.<\/li>\n\n\n\n<li>El cumplimiento de obligaciones legales.<\/li>\n<\/ul>\n\n\n\n<p><\/p>\n\n\n\n<h4 class=\"wp-block-heading\" id=\"h-cuanto-tiempo-conservamos-tus-datos\">\u00bfCu\u00e1nto tiempo conservamos tus datos?<\/h4>\n\n\n\n<ul class=\"wp-block-list\">\n<li>Mientras mantengas tu perfil activo en la plataforma.<\/li>\n\n\n\n<li>Durante el tiempo necesario para cumplir con obligaciones legales.<\/li>\n<\/ul>\n\n\n\n<p><\/p>\n\n\n\n<h4 class=\"wp-block-heading\" id=\"h-a-que-destinatarios-se-comunican-tus-datos\">\u00bfA qu\u00e9 destinatarios se comunican tus datos?<\/h4>\n\n\n\n<ul class=\"wp-block-list\">\n<li>No cedemos tus datos a terceros, salvo obligaci\u00f3n legal o a proveedores de servicios que nos ayuden a gestionar la plataforma (con las debidas garant\u00edas de seguridad).<\/li>\n<\/ul>\n\n\n\n<p><\/p>\n\n\n\n<h4 class=\"wp-block-heading\" id=\"h-donde-se-almacenan-tus-datos\">\u00bfD\u00f3nde se almacenan tus datos?<\/h4>\n\n\n\n<ul class=\"wp-block-list\">\n<li>Principalmente dentro de la UE. Si se transfieren fuera, nos aseguramos de que haya un nivel de protecci\u00f3n adecuado.<\/li>\n<\/ul>\n\n\n\n<p><\/p>\n\n\n\n<h4 class=\"wp-block-heading\" id=\"h-que-derechos-te-asisten-y-como-puedes-ejercerlos\">\u00bfQu\u00e9 derechos te asisten y c\u00f3mo puedes ejercerlos?<\/h4>\n\n\n\n<p>Puedes ejercer tus derechos de acceso, rectificaci\u00f3n, supresi\u00f3n, portabilidad, limitaci\u00f3n y oposici\u00f3n al tratamiento enviando una solicitud a support@uppycart.com.<\/p>\n\n\n\n<p><\/p>\n\n\n\n<h4 class=\"wp-block-heading\" id=\"h-quien-es-el-responsable-de-la-exactitud-y-veracidad-de-los-datos-facilitados\">\u00bfQui\u00e9n es el responsable de la exactitud y veracidad de los datos facilitados?<\/h4>\n\n\n\n<p>T\u00fa eres responsable de proporcionar datos veraces y mantenerlos actualizados.<\/p>\n\n\n\n<p><\/p>\n\n\n\n<h4 class=\"wp-block-heading\" id=\"h-como-tratamos-los-datos-personales-de-los-menores-de-edad\">\u00bfC\u00f3mo tratamos los datos personales de los menores de edad?<\/h4>\n\n\n\n<p>Nuestros servicios no est\u00e1n dirigidos a menores de 14 a\u00f1os. Si eres menor, necesitamos el consentimiento de tus padres o tutores.<\/p>\n\n\n\n<p><\/p>\n\n\n\n<h4 class=\"wp-block-heading\" id=\"h-que-medidas-de-seguridad-aplicamos\">\u00bfQu\u00e9 medidas de seguridad aplicamos?<\/h4>\n\n\n\n<p>Implementamos medidas t\u00e9cnicas y organizativas para proteger tus datos.<\/p>\n\n\n\n<p><\/p>\n\n\n\n<h3 class=\"wp-block-heading\" id=\"h-enlaces-a-otros-sitios-web\">Enlaces a otros sitios web<\/h3>\n\n\n\n<p>No nos hacemos responsables de la pol\u00edtica de privacidad de otros sitios web a los que puedas acceder desde nuestra plataforma.<\/p>\n\n\n\n<p><\/p>\n\n\n\n<h4 class=\"wp-block-heading\" id=\"h-como-utilizamos-las-cookies\">\u00bfC\u00f3mo utilizamos las cookies?<\/h4>\n\n\n\n<p>Utilizamos cookies para mejorar tu experiencia de navegaci\u00f3n. Puedes configurar tu navegador para rechazarlas. Consulta nuestra Pol\u00edtica de Cookies para m\u00e1s informaci\u00f3n.<\/p>\n\n\n\n<p><\/p>\n\n\n\n<h4 class=\"wp-block-heading\" id=\"h-puede-modificarse-la-politica-de-privacidad\">\u00bfPuede modificarse la pol\u00edtica de privacidad?<\/h4>\n\n\n\n<p>S\u00ed, esta pol\u00edtica puede ser modificada. Te recomendamos revisarla peri\u00f3dicamente.<\/p>\n\n\n<p>Ahora puedes copiar y pegar todo este contenido en el editor de bloques de WordPress para que mantenga la estructura y el formato deseados.<\/p>","protected":false},"excerpt":{"rendered":"<p>Informaci\u00f3n b\u00e1sica sobre Protecci\u00f3n de Datos Nuestro compromiso con tu privacidad En uppycart.com nos importa tu privacidad y creemos en la transparencia. Por ello, te explicamos c\u00f3mo recopilamos y utilizamos tus datos personales de acuerdo con el Reglamento General de Protecci\u00f3n de Datos (RGPD) y la Ley de Servicios de la Sociedad de la Informaci\u00f3n [&hellip;]<\/p>\n","protected":false},"author":1,"featured_media":0,"parent":0,"menu_order":0,"comment_status":"closed","ping_status":"open","template":"","meta":{"inline_featured_image":false,"footnotes":""},"class_list":["post-3","page","type-page","status-publish","hentry"],"yoast_head":"<!-- This site is optimized with the Yoast SEO Premium plugin v27.4 (Yoast SEO v27.5) - https:\/\/yoast.com\/product\/yoast-seo-premium-wordpress\/ -->\n<title>Pol\u00edtica de Privacidad - Ofertas de Empleo en Hosteler\u00eda<\/title>\n<meta name=\"description\" content=\"Consulta nuestra pol\u00edtica de privacidad para entender c\u00f3mo recopilamos, usamos y compartimos tu informaci\u00f3n de forma transparente y segura.\" \/>\n<meta name=\"robots\" content=\"index, follow, max-snippet:-1, max-image-preview:large, max-video-preview:-1\" \/>\n<link rel=\"canonical\" href=\"https:\/\/uppycart.com\/ofertas_empleo_hosteleria\/politica-privacidad\/\" \/>\n<meta property=\"og:locale\" content=\"es_ES\" \/>\n<meta property=\"og:type\" content=\"article\" \/>\n<meta property=\"og:title\" content=\"Pol\u00edtica de Privacidad\" \/>\n<meta property=\"og:description\" content=\"Consulta nuestra pol\u00edtica de privacidad para entender c\u00f3mo recopilamos, usamos y compartimos tu informaci\u00f3n de forma transparente y segura.\" \/>\n<meta property=\"og:url\" content=\"https:\/\/uppycart.com\/ofertas_empleo_hosteleria\/politica-privacidad\/\" \/>\n<meta property=\"og:site_name\" content=\"Ofertas de Empleo en Hosteler\u00eda\" \/>\n<meta property=\"article:publisher\" content=\"https:\/\/www.facebook.com\/Uppycart\" \/>\n<meta property=\"article:modified_time\" content=\"2024-10-24T08:24:18+00:00\" \/>\n<meta property=\"og:image\" content=\"https:\/\/uppycart.com\/ofertas_empleo_hosteleria\/wp-content\/uploads\/2024\/10\/profesionales-hosteleria.jpg\" \/>\n\t<meta property=\"og:image:width\" content=\"1920\" \/>\n\t<meta property=\"og:image:height\" content=\"1280\" \/>\n\t<meta property=\"og:image:type\" content=\"image\/jpeg\" \/>\n<meta name=\"twitter:card\" content=\"summary_large_image\" \/>\n<meta name=\"twitter:site\" content=\"@uppycart\" \/>\n<meta name=\"twitter:label1\" content=\"Tiempo de lectura\" \/>\n\t<meta name=\"twitter:data1\" content=\"3 minutos\" \/>\n<script type=\"application\/ld+json\" class=\"yoast-schema-graph\">{\"@context\":\"https:\\\/\\\/schema.org\",\"@graph\":[{\"@type\":\"WebPage\",\"@id\":\"https:\\\/\\\/uppycart.com\\\/ofertas_empleo_hosteleria\\\/politica-privacidad\\\/\",\"url\":\"https:\\\/\\\/uppycart.com\\\/ofertas_empleo_hosteleria\\\/politica-privacidad\\\/\",\"name\":\"Pol\u00edtica de Privacidad - Ofertas de Empleo en Hosteler\u00eda\",\"isPartOf\":{\"@id\":\"https:\\\/\\\/uppycart.com\\\/ofertas_empleo_hosteleria\\\/#website\"},\"datePublished\":\"2024-09-16T15:04:07+00:00\",\"dateModified\":\"2024-10-24T08:24:18+00:00\",\"description\":\"Consulta nuestra pol\u00edtica de privacidad para entender c\u00f3mo recopilamos, usamos y compartimos tu informaci\u00f3n de forma transparente y segura.\",\"breadcrumb\":{\"@id\":\"https:\\\/\\\/uppycart.com\\\/ofertas_empleo_hosteleria\\\/politica-privacidad\\\/#breadcrumb\"},\"inLanguage\":\"es\",\"potentialAction\":[{\"@type\":\"ReadAction\",\"target\":[\"https:\\\/\\\/uppycart.com\\\/ofertas_empleo_hosteleria\\\/politica-privacidad\\\/\"]}]},{\"@type\":\"BreadcrumbList\",\"@id\":\"https:\\\/\\\/uppycart.com\\\/ofertas_empleo_hosteleria\\\/politica-privacidad\\\/#breadcrumb\",\"itemListElement\":[{\"@type\":\"ListItem\",\"position\":1,\"name\":\"Portada\",\"item\":\"https:\\\/\\\/uppycart.com\\\/ofertas_empleo_hosteleria\\\/\"},{\"@type\":\"ListItem\",\"position\":2,\"name\":\"Pol\u00edtica de Privacidad\"}]},{\"@type\":\"WebSite\",\"@id\":\"https:\\\/\\\/uppycart.com\\\/ofertas_empleo_hosteleria\\\/#website\",\"url\":\"https:\\\/\\\/uppycart.com\\\/ofertas_empleo_hosteleria\\\/\",\"name\":\"Ofertas de Empleo en Hosteler\u00eda\",\"description\":\"Portal de empleo especializado en el sector de hosteler\u00eda, conectando a profesionales con ofertas de trabajo en restaurantes, hoteles, bares y cafeter\u00edas. Encuentra oportunidades laborales en cocina, sala, recepci\u00f3n y m\u00e1s.\",\"publisher\":{\"@id\":\"https:\\\/\\\/uppycart.com\\\/ofertas_empleo_hosteleria\\\/#organization\"},\"alternateName\":\"Uppycart\",\"potentialAction\":[{\"@type\":\"SearchAction\",\"target\":{\"@type\":\"EntryPoint\",\"urlTemplate\":\"https:\\\/\\\/uppycart.com\\\/ofertas_empleo_hosteleria\\\/?s={search_term_string}\"},\"query-input\":{\"@type\":\"PropertyValueSpecification\",\"valueRequired\":true,\"valueName\":\"search_term_string\"}}],\"inLanguage\":\"es\"},{\"@type\":\"Organization\",\"@id\":\"https:\\\/\\\/uppycart.com\\\/ofertas_empleo_hosteleria\\\/#organization\",\"name\":\"Uppycart\",\"alternateName\":\"Uppycart.com\",\"url\":\"https:\\\/\\\/uppycart.com\\\/ofertas_empleo_hosteleria\\\/\",\"logo\":{\"@type\":\"ImageObject\",\"inLanguage\":\"es\",\"@id\":\"https:\\\/\\\/uppycart.com\\\/ofertas_empleo_hosteleria\\\/#\\\/schema\\\/logo\\\/image\\\/\",\"url\":\"https:\\\/\\\/uppycart.com\\\/ofertas_empleo_hosteleria\\\/wp-content\\\/uploads\\\/2024\\\/10\\\/uppycart-icon.svg\",\"contentUrl\":\"https:\\\/\\\/uppycart.com\\\/ofertas_empleo_hosteleria\\\/wp-content\\\/uploads\\\/2024\\\/10\\\/uppycart-icon.svg\",\"width\":500,\"height\":500,\"caption\":\"Uppycart\"},\"image\":{\"@id\":\"https:\\\/\\\/uppycart.com\\\/ofertas_empleo_hosteleria\\\/#\\\/schema\\\/logo\\\/image\\\/\"},\"sameAs\":[\"https:\\\/\\\/www.facebook.com\\\/Uppycart\",\"https:\\\/\\\/x.com\\\/uppycart\",\"https:\\\/\\\/www.instagram.com\\\/uppycart\\\/\",\"https:\\\/\\\/www.linkedin.com\\\/company\\\/uppycart\\\/\"],\"description\":\"Portal de empleo especializado en el sector de hosteler\u00eda, conectando a profesionales con ofertas de trabajo en restaurantes, hoteles, bares y cafeter\u00edas. Encuentra oportunidades laborales en cocina, sala, recepci\u00f3n y m\u00e1s.\",\"email\":\"support@uppycart.com\",\"legalName\":\"Uppycart\",\"foundingDate\":\"2021-01-01\",\"numberOfEmployees\":{\"@type\":\"QuantitativeValue\",\"minValue\":\"1\",\"maxValue\":\"10\"}}]}<\/script>\n<!-- \/ Yoast SEO Premium plugin. -->","yoast_head_json":{"title":"Pol\u00edtica de Privacidad - Ofertas de Empleo en Hosteler\u00eda","description":"Consulta nuestra pol\u00edtica de privacidad para entender c\u00f3mo recopilamos, usamos y compartimos tu informaci\u00f3n de forma transparente y segura.","robots":{"index":"index","follow":"follow","max-snippet":"max-snippet:-1","max-image-preview":"max-image-preview:large","max-video-preview":"max-video-preview:-1"},"canonical":"https:\/\/uppycart.com\/ofertas_empleo_hosteleria\/politica-privacidad\/","og_locale":"es_ES","og_type":"article","og_title":"Pol\u00edtica de Privacidad","og_description":"Consulta nuestra pol\u00edtica de privacidad para entender c\u00f3mo recopilamos, usamos y compartimos tu informaci\u00f3n de forma transparente y segura.","og_url":"https:\/\/uppycart.com\/ofertas_empleo_hosteleria\/politica-privacidad\/","og_site_name":"Ofertas de Empleo en Hosteler\u00eda","article_publisher":"https:\/\/www.facebook.com\/Uppycart","article_modified_time":"2024-10-24T08:24:18+00:00","og_image":[{"width":1920,"height":1280,"url":"https:\/\/uppycart.com\/ofertas_empleo_hosteleria\/wp-content\/uploads\/2024\/10\/profesionales-hosteleria.jpg","type":"image\/jpeg"}],"twitter_card":"summary_large_image","twitter_site":"@uppycart","twitter_misc":{"Tiempo de lectura":"3 minutos"},"schema":{"@context":"https:\/\/schema.org","@graph":[{"@type":"WebPage","@id":"https:\/\/uppycart.com\/ofertas_empleo_hosteleria\/politica-privacidad\/","url":"https:\/\/uppycart.com\/ofertas_empleo_hosteleria\/politica-privacidad\/","name":"Pol\u00edtica de Privacidad - Ofertas de Empleo en Hosteler\u00eda","isPartOf":{"@id":"https:\/\/uppycart.com\/ofertas_empleo_hosteleria\/#website"},"datePublished":"2024-09-16T15:04:07+00:00","dateModified":"2024-10-24T08:24:18+00:00","description":"Consulta nuestra pol\u00edtica de privacidad para entender c\u00f3mo recopilamos, usamos y compartimos tu informaci\u00f3n de forma transparente y segura.","breadcrumb":{"@id":"https:\/\/uppycart.com\/ofertas_empleo_hosteleria\/politica-privacidad\/#breadcrumb"},"inLanguage":"es","potentialAction":[{"@type":"ReadAction","target":["https:\/\/uppycart.com\/ofertas_empleo_hosteleria\/politica-privacidad\/"]}]},{"@type":"BreadcrumbList","@id":"https:\/\/uppycart.com\/ofertas_empleo_hosteleria\/politica-privacidad\/#breadcrumb","itemListElement":[{"@type":"ListItem","position":1,"name":"Portada","item":"https:\/\/uppycart.com\/ofertas_empleo_hosteleria\/"},{"@type":"ListItem","position":2,"name":"Pol\u00edtica de Privacidad"}]},{"@type":"WebSite","@id":"https:\/\/uppycart.com\/ofertas_empleo_hosteleria\/#website","url":"https:\/\/uppycart.com\/ofertas_empleo_hosteleria\/","name":"Ofertas de Empleo en Hosteler\u00eda","description":"Portal de empleo especializado en el sector de hosteler\u00eda, conectando a profesionales con ofertas de trabajo en restaurantes, hoteles, bares y cafeter\u00edas. Encuentra oportunidades laborales en cocina, sala, recepci\u00f3n y m\u00e1s.","publisher":{"@id":"https:\/\/uppycart.com\/ofertas_empleo_hosteleria\/#organization"},"alternateName":"Uppycart","potentialAction":[{"@type":"SearchAction","target":{"@type":"EntryPoint","urlTemplate":"https:\/\/uppycart.com\/ofertas_empleo_hosteleria\/?s={search_term_string}"},"query-input":{"@type":"PropertyValueSpecification","valueRequired":true,"valueName":"search_term_string"}}],"inLanguage":"es"},{"@type":"Organization","@id":"https:\/\/uppycart.com\/ofertas_empleo_hosteleria\/#organization","name":"Uppycart","alternateName":"Uppycart.com","url":"https:\/\/uppycart.com\/ofertas_empleo_hosteleria\/","logo":{"@type":"ImageObject","inLanguage":"es","@id":"https:\/\/uppycart.com\/ofertas_empleo_hosteleria\/#\/schema\/logo\/image\/","url":"https:\/\/uppycart.com\/ofertas_empleo_hosteleria\/wp-content\/uploads\/2024\/10\/uppycart-icon.svg","contentUrl":"https:\/\/uppycart.com\/ofertas_empleo_hosteleria\/wp-content\/uploads\/2024\/10\/uppycart-icon.svg","width":500,"height":500,"caption":"Uppycart"},"image":{"@id":"https:\/\/uppycart.com\/ofertas_empleo_hosteleria\/#\/schema\/logo\/image\/"},"sameAs":["https:\/\/www.facebook.com\/Uppycart","https:\/\/x.com\/uppycart","https:\/\/www.instagram.com\/uppycart\/","https:\/\/www.linkedin.com\/company\/uppycart\/"],"description":"Portal de empleo especializado en el sector de hosteler\u00eda, conectando a profesionales con ofertas de trabajo en restaurantes, hoteles, bares y cafeter\u00edas. Encuentra oportunidades laborales en cocina, sala, recepci\u00f3n y m\u00e1s.","email":"support@uppycart.com","legalName":"Uppycart","foundingDate":"2021-01-01","numberOfEmployees":{"@type":"QuantitativeValue","minValue":"1","maxValue":"10"}}]}},"_links":{"self":[{"href":"https:\/\/uppycart.com\/ofertas_empleo_hosteleria\/wp-json\/wp\/v2\/pages\/3","targetHints":{"allow":["GET"]}}],"collection":[{"href":"https:\/\/uppycart.com\/ofertas_empleo_hosteleria\/wp-json\/wp\/v2\/pages"}],"about":[{"href":"https:\/\/uppycart.com\/ofertas_empleo_hosteleria\/wp-json\/wp\/v2\/types\/page"}],"author":[{"embeddable":true,"href":"https:\/\/uppycart.com\/ofertas_empleo_hosteleria\/wp-json\/wp\/v2\/users\/1"}],"replies":[{"embeddable":true,"href":"https:\/\/uppycart.com\/ofertas_empleo_hosteleria\/wp-json\/wp\/v2\/comments?post=3"}],"version-history":[{"count":0,"href":"https:\/\/uppycart.com\/ofertas_empleo_hosteleria\/wp-json\/wp\/v2\/pages\/3\/revisions"}],"wp:attachment":[{"href":"https:\/\/uppycart.com\/ofertas_empleo_hosteleria\/wp-json\/wp\/v2\/media?parent=3"}],"curies":[{"name":"wp","href":"https:\/\/api.w.org\/{rel}","templated":true}]}}