{"id":7,"date":"2024-09-17T10:32:22","date_gmt":"2024-09-17T10:32:22","guid":{"rendered":"https:\/\/uppycart.com\/ofertas_empleo_hosteleria\/trabajos\/"},"modified":"2025-01-12T18:42:33","modified_gmt":"2025-01-12T18:42:33","slug":"ofertas-empleo-en-hosteleria","status":"publish","type":"page","link":"https:\/\/uppycart.com\/ofertas_empleo_hosteleria\/","title":{"rendered":"Ofertas empleo en hosteler\u00eda"},"content":{"rendered":"\n<h2 class=\"wp-block-heading has-text-align-center\" id=\"h-encuentra-las-mejores-ofertas-de-empleo-en-hosteleria\" style=\"font-size:clamp(0.957rem, 0.957rem + ((1vw - 0.2rem) * 0.822), 1.45rem);\">Encuentra las mejores ofertas de empleo en hosteler\u00eda<\/h2>\n\n\n<div class=\"job_listings\" data-location=\"\" data-keywords=\"\" data-show_filters=\"true\" data-show_pagination=\"false\" data-per_page=\"9\" data-orderby=\"featured\" data-order=\"DESC\" data-categories=\"\" data-disable-form-state-storage=\"\" data-featured_first=\"false\" data-post_id=\"7\" >\n<form class=\"job_filters\">\n\t\n\t<div class=\"search_jobs\">\n\t\t\n\t\t<div class=\"search_keywords\">\n\t\t\t<label for=\"search_keywords\">Palabras clave<\/label>\n\t\t\t<input type=\"text\" name=\"search_keywords\" id=\"search_keywords\" placeholder=\"Palabras clave\" value=\"\" \/>\n\t\t<\/div>\n\n\t\t<div class=\"search_location\">\n\t\t\t<label for=\"search_location\">Ubicaci\u00f3n<\/label>\n\t\t\t<input type=\"text\" name=\"search_location\" id=\"search_location\" placeholder=\"Ubicaci\u00f3n\" value=\"\" \/>\n\t\t<\/div>\n\n\t\t\n\t\t<div style=\"clear: both\"><\/div>\n\n\t\t\t\t\t<div class=\"search_categories\">\n\t\t\t\t<label for=\"search_categories\">Categor\u00eda<\/label>\n\t\t\t\t\t\t\t\t\t<select name='search_categories[]' id='search_categories' class='job-manager-category-dropdown '  data-placeholder='Elige una categor\u00eda&hellip;' data-no_results_text='No se han encontrado resultados' data-multiple_text='Elige alguna opci\u00f3n'>\n<option value=\"\">Cualquier categor\u00eda<\/option>\t<option class=\"level-0\" value=\"84\">Ayudante de Camarero<\/option>\n\t<option class=\"level-0\" value=\"71\">Ayudante de Cocina<\/option>\n\t<option class=\"level-0\" value=\"69\">Camarero\/a<\/option>\n\t<option class=\"level-0\" value=\"70\">Chef\/Cocinero\/a<\/option>\n<\/select>\n\t\t\t\t\t\t\t<\/div>\n\t\t\n\t\t\t\t\t<div class=\"search_submit\">\n\t\t\t\t<input type=\"submit\" value=\"Buscar trabajos\">\n\t\t\t<\/div>\n\t\t\n\t\t<div class=\"filter_wide filter_by_tag\">Filtrar por etiqueta: <span class=\"filter_by_tag_cloud\"><\/span><\/div>\t<\/div>\n\n\t\t<ul class=\"job_types\">\n\t\t\t\t\t<li><label for=\"job_type_jornada-completa\" class=\"jornada-completa\"><input type=\"checkbox\" name=\"filter_job_type[]\" value=\"jornada-completa\"  checked='checked' id=\"job_type_jornada-completa\" \/> Jornada completa<\/label><\/li>\n\t\t\t\t\t<li><label for=\"job_type_media-jornada\" class=\"media-jornada\"><input type=\"checkbox\" name=\"filter_job_type[]\" value=\"media-jornada\"  checked='checked' id=\"job_type_media-jornada\" \/> Media jornada<\/label><\/li>\n\t\t\t\t\t<li><label for=\"job_type_temporal\" class=\"temporal\"><input type=\"checkbox\" name=\"filter_job_type[]\" value=\"temporal\"  checked='checked' id=\"job_type_temporal\" \/> Temporal<\/label><\/li>\n\t\t\t<\/ul>\n\t<input type=\"hidden\" name=\"filter_job_type[]\" value=\"\" \/>\n<div class=\"showing_jobs\"><\/div><\/form>\n\n\n<noscript>Tu navegador no es compatible con JavaScript o est\u00e1 desactivado. JavaScript debe estar activado para poder ver las ofertas.<\/noscript>\n<ul class=\"job_listings\">\n<\/ul>\n<a class=\"load_more_jobs\" href=\"#\" style=\"display:none;\"><strong>Cargar m\u00e1s ofertas<\/strong><\/a><dialog class=\"jm-dialog\" id=\"jm_add_alert_modal\">\n\t<div class=\"jm-dialog-open\">\n\t\t<div class=\"jm-dialog-backdrop\" onclick=\"jm_add_alert_modal.close()\"><\/div>\n\t\t<div class=\"jm-dialog-modal \" style=\"width: 500px;\">\n\t\t\t<div class=\"jm-dialog-modal-container\">\n\t\t\t\t<div class=\"jm-dialog-modal-content\">\n<div class=\"jm-notice has-actions has-header\" role=\"status\">\n\t\t\t<div class=\"jm-notice__header\">\n\t\t\t\t\t\t<div class=\"jm-notice__title\">A\u00f1adir alerta<\/div>\n\t\t<\/div>\n\t\t\t\t<div\n\t\t\tclass=\"jm-notice__message-wrap\">\n\t\t\t\t\t\t\t\t\t<div\n\t\t\t\tclass=\"jm-notice__message  \">Inicia sesi\u00f3n o crea una cuenta para continuar.<\/div>\n\t\t<\/div>\n\t\t\t\t\t<div class=\"jm-notice__footer\">\n\t\t\t<div class=\"jm-ui-actions-row\"><a class=\"jm-ui-button \" href=\"https:\/\/uppycart.com\/ofertas_empleo_hosteleria\/wp-login.php?redirect_to=https%3A%2F%2Fuppycart.com%2Fofertas_empleo_hosteleria%2F\"><span>Inicia sesi\u00f3n<\/span><\/a><a class=\"jm-ui-button--outline \" href=\"https:\/\/uppycart.com\/ofertas_empleo_hosteleria\/wp-login.php?action=register\"><span>Crear una cuenta<\/span><\/a><\/div>\t\t<\/div>\n\t<\/div>\n<\/div>\n\t\t\t\t<a href=\"#\" role=\"button\" class=\"jm-ui-button--icon jm-dialog-close\" onclick=\"jm_add_alert_modal.close();  event.preventDefault();\" aria-label=\"Cerrar\"><span class=\"jm-ui-button__icon\"><\/span><\/a>\n\t\t\t<\/div>\n\t\t<\/div>\n\t<\/div>\n<\/dialog><\/div>\n\n\n\n<div style=\"height:100px\" aria-hidden=\"true\" class=\"wp-block-spacer\"><\/div>\n\n\n\n<div class=\"wp-block-columns alignfull are-vertically-aligned-center has-base-2-background-color has-background is-layout-flex wp-container-core-columns-is-layout-28f84493 wp-block-columns-is-layout-flex\">\n<div class=\"wp-block-column is-vertically-aligned-center has-base-2-background-color has-background has-global-padding is-layout-constrained wp-block-column-is-layout-constrained\">\n<div class=\"wp-block-columns is-layout-flex wp-container-core-columns-is-layout-ef350914 wp-block-columns-is-layout-flex\" style=\"padding-top:var(--wp--preset--spacing--30);padding-bottom:var(--wp--preset--spacing--30)\">\n<div class=\"wp-block-column is-vertically-aligned-center is-layout-flow wp-block-column-is-layout-flow\">\n<h3 class=\"wp-block-heading\" id=\"h-digitaliza-tu-carta-gratis\">Digitaliza tu carta gratis<\/h3>\n\n\n\n<ul class=\"wp-block-list is-style-checkmark-list\">\n<li>Actualizaci\u00f3n f\u00e1cil y r\u00e1pida<\/li>\n\n\n\n<li>Acceso v\u00eda c\u00f3digo QR<\/li>\n\n\n\n<li>100% gratuito<\/li>\n\n\n\n<li>Directorio de cartas<\/li>\n<\/ul>\n\n\n\n<div class=\"wp-block-buttons is-content-justification-left is-layout-flex wp-container-core-buttons-is-layout-a53e7e97 wp-block-buttons-is-layout-flex\">\n<div class=\"wp-block-button\"><a class=\"wp-block-button__link wp-element-button\" href=\"https:\/\/uppycart.com\/\" target=\"_blank\" rel=\"noreferrer noopener\">\u00bfQuieres saber m\u00e1s?<\/a><\/div>\n\n\n\n<div class=\"wp-block-button is-style-fill\"><a class=\"wp-block-button__link has-contrast-color has-base-2-background-color has-text-color has-background has-link-color has-border-color has-contrast-border-color wp-element-button\" href=\"https:\/\/uppycart.com\/#registocuenta\" style=\"border-width:1px\" target=\"_blank\" rel=\"noreferrer noopener\">Reg\u00edstrate GRATIS<\/a><\/div>\n<\/div>\n<\/div>\n\n\n\n<div class=\"wp-block-column is-layout-flow wp-block-column-is-layout-flow\">\n<figure class=\"wp-block-image size-full has-custom-border is-style-default\"><img decoding=\"async\" width=\"1024\" height=\"681\" src=\"https:\/\/uppycart.com\/ofertas_empleo_hosteleria\/wp-content\/uploads\/2024\/09\/carta-digital-gratis.jpg\" alt=\"Carta digital GRATIS\" class=\"wp-image-565\" style=\"border-radius:24px\" srcset=\"https:\/\/uppycart.com\/ofertas_empleo_hosteleria\/wp-content\/uploads\/2024\/09\/carta-digital-gratis.jpg 1024w, https:\/\/uppycart.com\/ofertas_empleo_hosteleria\/wp-content\/uploads\/2024\/09\/carta-digital-gratis-300x200.jpg 300w, https:\/\/uppycart.com\/ofertas_empleo_hosteleria\/wp-content\/uploads\/2024\/09\/carta-digital-gratis-768x511.jpg 768w\" sizes=\"(max-width: 1024px) 100vw, 1024px\" \/><\/figure>\n<\/div>\n<\/div>\n<\/div>\n<\/div>\n\n\n\n<p><\/p>\n","protected":false},"excerpt":{"rendered":"<p>Encuentra las mejores ofertas de empleo en hosteler\u00eda<\/p>\n","protected":false},"author":1,"featured_media":0,"parent":0,"menu_order":0,"comment_status":"closed","ping_status":"closed","template":"","meta":{"inline_featured_image":false,"footnotes":""},"class_list":["post-7","page","type-page","status-publish","hentry"],"yoast_head":"<!-- This site is optimized with the Yoast SEO Premium plugin v27.4 (Yoast SEO v27.5) - https:\/\/yoast.com\/product\/yoast-seo-premium-wordpress\/ -->\n<title>Ofertas empleo en hosteler\u00eda - Ofertas de Empleo en Hosteler\u00eda<\/title>\n<meta name=\"description\" content=\"Descubre las \u00faltimas ofertas de empleo en hosteler\u00eda. Encuentra tu pr\u00f3ximo trabajo en restaurantes, hoteles, cafeter\u00edas y m\u00e1s.\" \/>\n<meta name=\"robots\" content=\"index, follow, max-snippet:-1, max-image-preview:large, max-video-preview:-1\" \/>\n<link rel=\"canonical\" href=\"https:\/\/uppycart.com\/ofertas_empleo_hosteleria\/\" \/>\n<meta property=\"og:locale\" content=\"es_ES\" \/>\n<meta property=\"og:type\" content=\"article\" \/>\n<meta property=\"og:title\" content=\"Ofertas empleo en hosteler\u00eda\" \/>\n<meta property=\"og:description\" content=\"Descubre las \u00faltimas ofertas de empleo en hosteler\u00eda. Encuentra tu pr\u00f3ximo trabajo en restaurantes, hoteles, cafeter\u00edas y m\u00e1s.\" \/>\n<meta property=\"og:url\" content=\"https:\/\/uppycart.com\/ofertas_empleo_hosteleria\/\" \/>\n<meta property=\"og:site_name\" content=\"Ofertas de Empleo en Hosteler\u00eda\" \/>\n<meta property=\"article:publisher\" content=\"https:\/\/www.facebook.com\/Uppycart\" \/>\n<meta property=\"article:modified_time\" content=\"2025-01-12T18:42:33+00:00\" \/>\n<meta property=\"og:image\" content=\"https:\/\/uppycart.com\/ofertas_empleo_hosteleria\/wp-content\/uploads\/2024\/10\/portal-empleo-profesionales-hosteleria-portada.png\" \/>\n\t<meta property=\"og:image:width\" content=\"1920\" \/>\n\t<meta property=\"og:image:height\" content=\"1080\" \/>\n\t<meta property=\"og:image:type\" content=\"image\/png\" \/>\n<meta name=\"twitter:card\" content=\"summary_large_image\" \/>\n<meta name=\"twitter:description\" content=\"Descubre las \u00faltimas ofertas de empleo en hosteler\u00eda. Encuentra tu pr\u00f3ximo trabajo en restaurantes, hoteles, cafeter\u00edas y m\u00e1s.\" \/>\n<meta name=\"twitter:site\" content=\"@uppycart\" \/>\n<meta name=\"twitter:label1\" content=\"Tiempo de lectura\" \/>\n\t<meta name=\"twitter:data1\" content=\"1 minuto\" \/>\n<script type=\"application\/ld+json\" class=\"yoast-schema-graph\">{\"@context\":\"https:\\\/\\\/schema.org\",\"@graph\":[{\"@type\":\"WebPage\",\"@id\":\"https:\\\/\\\/uppycart.com\\\/ofertas_empleo_hosteleria\\\/\",\"url\":\"https:\\\/\\\/uppycart.com\\\/ofertas_empleo_hosteleria\\\/\",\"name\":\"Ofertas empleo en hosteler\u00eda - Ofertas de Empleo en Hosteler\u00eda\",\"isPartOf\":{\"@id\":\"https:\\\/\\\/uppycart.com\\\/ofertas_empleo_hosteleria\\\/#website\"},\"datePublished\":\"2024-09-17T10:32:22+00:00\",\"dateModified\":\"2025-01-12T18:42:33+00:00\",\"description\":\"Descubre las \u00faltimas ofertas de empleo en hosteler\u00eda. Encuentra tu pr\u00f3ximo trabajo en restaurantes, hoteles, cafeter\u00edas y m\u00e1s.\",\"breadcrumb\":{\"@id\":\"https:\\\/\\\/uppycart.com\\\/ofertas_empleo_hosteleria\\\/#breadcrumb\"},\"inLanguage\":\"es\",\"potentialAction\":[{\"@type\":\"ReadAction\",\"target\":[\"https:\\\/\\\/uppycart.com\\\/ofertas_empleo_hosteleria\\\/\"]}]},{\"@type\":\"BreadcrumbList\",\"@id\":\"https:\\\/\\\/uppycart.com\\\/ofertas_empleo_hosteleria\\\/#breadcrumb\",\"itemListElement\":[{\"@type\":\"ListItem\",\"position\":1,\"name\":\"Portada\",\"item\":\"https:\\\/\\\/uppycart.com\\\/ofertas_empleo_hosteleria\\\/\"},{\"@type\":\"ListItem\",\"position\":2,\"name\":\"Ofertas empleo en hosteler\u00eda\"}]},{\"@type\":\"WebSite\",\"@id\":\"https:\\\/\\\/uppycart.com\\\/ofertas_empleo_hosteleria\\\/#website\",\"url\":\"https:\\\/\\\/uppycart.com\\\/ofertas_empleo_hosteleria\\\/\",\"name\":\"Ofertas de Empleo en Hosteler\u00eda\",\"description\":\"Portal de empleo especializado en el sector de hosteler\u00eda, conectando a profesionales con ofertas de trabajo en restaurantes, hoteles, bares y cafeter\u00edas. Encuentra oportunidades laborales en cocina, sala, recepci\u00f3n y m\u00e1s.\",\"publisher\":{\"@id\":\"https:\\\/\\\/uppycart.com\\\/ofertas_empleo_hosteleria\\\/#organization\"},\"alternateName\":\"Uppycart\",\"potentialAction\":[{\"@type\":\"SearchAction\",\"target\":{\"@type\":\"EntryPoint\",\"urlTemplate\":\"https:\\\/\\\/uppycart.com\\\/ofertas_empleo_hosteleria\\\/?s={search_term_string}\"},\"query-input\":{\"@type\":\"PropertyValueSpecification\",\"valueRequired\":true,\"valueName\":\"search_term_string\"}}],\"inLanguage\":\"es\"},{\"@type\":\"Organization\",\"@id\":\"https:\\\/\\\/uppycart.com\\\/ofertas_empleo_hosteleria\\\/#organization\",\"name\":\"Uppycart\",\"alternateName\":\"Uppycart.com\",\"url\":\"https:\\\/\\\/uppycart.com\\\/ofertas_empleo_hosteleria\\\/\",\"logo\":{\"@type\":\"ImageObject\",\"inLanguage\":\"es\",\"@id\":\"https:\\\/\\\/uppycart.com\\\/ofertas_empleo_hosteleria\\\/#\\\/schema\\\/logo\\\/image\\\/\",\"url\":\"https:\\\/\\\/uppycart.com\\\/ofertas_empleo_hosteleria\\\/wp-content\\\/uploads\\\/2024\\\/10\\\/uppycart-icon.svg\",\"contentUrl\":\"https:\\\/\\\/uppycart.com\\\/ofertas_empleo_hosteleria\\\/wp-content\\\/uploads\\\/2024\\\/10\\\/uppycart-icon.svg\",\"width\":500,\"height\":500,\"caption\":\"Uppycart\"},\"image\":{\"@id\":\"https:\\\/\\\/uppycart.com\\\/ofertas_empleo_hosteleria\\\/#\\\/schema\\\/logo\\\/image\\\/\"},\"sameAs\":[\"https:\\\/\\\/www.facebook.com\\\/Uppycart\",\"https:\\\/\\\/x.com\\\/uppycart\",\"https:\\\/\\\/www.instagram.com\\\/uppycart\\\/\",\"https:\\\/\\\/www.linkedin.com\\\/company\\\/uppycart\\\/\"],\"description\":\"Portal de empleo especializado en el sector de hosteler\u00eda, conectando a profesionales con ofertas de trabajo en restaurantes, hoteles, bares y cafeter\u00edas. Encuentra oportunidades laborales en cocina, sala, recepci\u00f3n y m\u00e1s.\",\"email\":\"support@uppycart.com\",\"legalName\":\"Uppycart\",\"foundingDate\":\"2021-01-01\",\"numberOfEmployees\":{\"@type\":\"QuantitativeValue\",\"minValue\":\"1\",\"maxValue\":\"10\"}}]}<\/script>\n<!-- \/ Yoast SEO Premium plugin. -->","yoast_head_json":{"title":"Ofertas empleo en hosteler\u00eda - Ofertas de Empleo en Hosteler\u00eda","description":"Descubre las \u00faltimas ofertas de empleo en hosteler\u00eda. Encuentra tu pr\u00f3ximo trabajo en restaurantes, hoteles, cafeter\u00edas y m\u00e1s.","robots":{"index":"index","follow":"follow","max-snippet":"max-snippet:-1","max-image-preview":"max-image-preview:large","max-video-preview":"max-video-preview:-1"},"canonical":"https:\/\/uppycart.com\/ofertas_empleo_hosteleria\/","og_locale":"es_ES","og_type":"article","og_title":"Ofertas empleo en hosteler\u00eda","og_description":"Descubre las \u00faltimas ofertas de empleo en hosteler\u00eda. Encuentra tu pr\u00f3ximo trabajo en restaurantes, hoteles, cafeter\u00edas y m\u00e1s.","og_url":"https:\/\/uppycart.com\/ofertas_empleo_hosteleria\/","og_site_name":"Ofertas de Empleo en Hosteler\u00eda","article_publisher":"https:\/\/www.facebook.com\/Uppycart","article_modified_time":"2025-01-12T18:42:33+00:00","og_image":[{"width":1920,"height":1080,"url":"https:\/\/uppycart.com\/ofertas_empleo_hosteleria\/wp-content\/uploads\/2024\/10\/portal-empleo-profesionales-hosteleria-portada.png","type":"image\/png"}],"twitter_card":"summary_large_image","twitter_description":"Descubre las \u00faltimas ofertas de empleo en hosteler\u00eda. Encuentra tu pr\u00f3ximo trabajo en restaurantes, hoteles, cafeter\u00edas y m\u00e1s.","twitter_site":"@uppycart","twitter_misc":{"Tiempo de lectura":"1 minuto"},"schema":{"@context":"https:\/\/schema.org","@graph":[{"@type":"WebPage","@id":"https:\/\/uppycart.com\/ofertas_empleo_hosteleria\/","url":"https:\/\/uppycart.com\/ofertas_empleo_hosteleria\/","name":"Ofertas empleo en hosteler\u00eda - Ofertas de Empleo en Hosteler\u00eda","isPartOf":{"@id":"https:\/\/uppycart.com\/ofertas_empleo_hosteleria\/#website"},"datePublished":"2024-09-17T10:32:22+00:00","dateModified":"2025-01-12T18:42:33+00:00","description":"Descubre las \u00faltimas ofertas de empleo en hosteler\u00eda. Encuentra tu pr\u00f3ximo trabajo en restaurantes, hoteles, cafeter\u00edas y m\u00e1s.","breadcrumb":{"@id":"https:\/\/uppycart.com\/ofertas_empleo_hosteleria\/#breadcrumb"},"inLanguage":"es","potentialAction":[{"@type":"ReadAction","target":["https:\/\/uppycart.com\/ofertas_empleo_hosteleria\/"]}]},{"@type":"BreadcrumbList","@id":"https:\/\/uppycart.com\/ofertas_empleo_hosteleria\/#breadcrumb","itemListElement":[{"@type":"ListItem","position":1,"name":"Portada","item":"https:\/\/uppycart.com\/ofertas_empleo_hosteleria\/"},{"@type":"ListItem","position":2,"name":"Ofertas empleo en hosteler\u00eda"}]},{"@type":"WebSite","@id":"https:\/\/uppycart.com\/ofertas_empleo_hosteleria\/#website","url":"https:\/\/uppycart.com\/ofertas_empleo_hosteleria\/","name":"Ofertas de Empleo en Hosteler\u00eda","description":"Portal de empleo especializado en el sector de hosteler\u00eda, conectando a profesionales con ofertas de trabajo en restaurantes, hoteles, bares y cafeter\u00edas. Encuentra oportunidades laborales en cocina, sala, recepci\u00f3n y m\u00e1s.","publisher":{"@id":"https:\/\/uppycart.com\/ofertas_empleo_hosteleria\/#organization"},"alternateName":"Uppycart","potentialAction":[{"@type":"SearchAction","target":{"@type":"EntryPoint","urlTemplate":"https:\/\/uppycart.com\/ofertas_empleo_hosteleria\/?s={search_term_string}"},"query-input":{"@type":"PropertyValueSpecification","valueRequired":true,"valueName":"search_term_string"}}],"inLanguage":"es"},{"@type":"Organization","@id":"https:\/\/uppycart.com\/ofertas_empleo_hosteleria\/#organization","name":"Uppycart","alternateName":"Uppycart.com","url":"https:\/\/uppycart.com\/ofertas_empleo_hosteleria\/","logo":{"@type":"ImageObject","inLanguage":"es","@id":"https:\/\/uppycart.com\/ofertas_empleo_hosteleria\/#\/schema\/logo\/image\/","url":"https:\/\/uppycart.com\/ofertas_empleo_hosteleria\/wp-content\/uploads\/2024\/10\/uppycart-icon.svg","contentUrl":"https:\/\/uppycart.com\/ofertas_empleo_hosteleria\/wp-content\/uploads\/2024\/10\/uppycart-icon.svg","width":500,"height":500,"caption":"Uppycart"},"image":{"@id":"https:\/\/uppycart.com\/ofertas_empleo_hosteleria\/#\/schema\/logo\/image\/"},"sameAs":["https:\/\/www.facebook.com\/Uppycart","https:\/\/x.com\/uppycart","https:\/\/www.instagram.com\/uppycart\/","https:\/\/www.linkedin.com\/company\/uppycart\/"],"description":"Portal de empleo especializado en el sector de hosteler\u00eda, conectando a profesionales con ofertas de trabajo en restaurantes, hoteles, bares y cafeter\u00edas. Encuentra oportunidades laborales en cocina, sala, recepci\u00f3n y m\u00e1s.","email":"support@uppycart.com","legalName":"Uppycart","foundingDate":"2021-01-01","numberOfEmployees":{"@type":"QuantitativeValue","minValue":"1","maxValue":"10"}}]}},"_links":{"self":[{"href":"https:\/\/uppycart.com\/ofertas_empleo_hosteleria\/wp-json\/wp\/v2\/pages\/7","targetHints":{"allow":["GET"]}}],"collection":[{"href":"https:\/\/uppycart.com\/ofertas_empleo_hosteleria\/wp-json\/wp\/v2\/pages"}],"about":[{"href":"https:\/\/uppycart.com\/ofertas_empleo_hosteleria\/wp-json\/wp\/v2\/types\/page"}],"author":[{"embeddable":true,"href":"https:\/\/uppycart.com\/ofertas_empleo_hosteleria\/wp-json\/wp\/v2\/users\/1"}],"replies":[{"embeddable":true,"href":"https:\/\/uppycart.com\/ofertas_empleo_hosteleria\/wp-json\/wp\/v2\/comments?post=7"}],"version-history":[{"count":1,"href":"https:\/\/uppycart.com\/ofertas_empleo_hosteleria\/wp-json\/wp\/v2\/pages\/7\/revisions"}],"predecessor-version":[{"id":595,"href":"https:\/\/uppycart.com\/ofertas_empleo_hosteleria\/wp-json\/wp\/v2\/pages\/7\/revisions\/595"}],"wp:attachment":[{"href":"https:\/\/uppycart.com\/ofertas_empleo_hosteleria\/wp-json\/wp\/v2\/media?parent=7"}],"curies":[{"name":"wp","href":"https:\/\/api.w.org\/{rel}","templated":true}]}}