{"id":82,"date":"2024-09-18T08:27:08","date_gmt":"2024-09-18T08:27:08","guid":{"rendered":"https:\/\/uppycart.com\/ofertas_empleo_hosteleria\/?page_id=82"},"modified":"2024-10-24T09:06:10","modified_gmt":"2024-10-24T09:06:10","slug":"tu-perfil","status":"publish","type":"page","link":"https:\/\/uppycart.com\/ofertas_empleo_hosteleria\/tu-perfil\/","title":{"rendered":"Tu Perfil"},"content":{"rendered":"\n<div class=\"wp-block-columns is-layout-flex wp-container-core-columns-is-layout-28f84493 wp-block-columns-is-layout-flex\">\n<div class=\"wp-block-column is-layout-flow wp-block-column-is-layout-flow\">\n<div class=\"wp-block-buttons is-content-justification-center is-layout-flex wp-container-core-buttons-is-layout-a89b3969 wp-block-buttons-is-layout-flex\">\n<div class=\"wp-block-button\"><a class=\"wp-block-button__link has-contrast-color has-base-background-color has-text-color has-background has-link-color wp-element-button\" href=\"https:\/\/uppycart.com\/ofertas_empleo_hosteleria\/enviar-curriculo\/\" style=\"border-width:1px\">Enviar curr\u00edculo<\/a><\/div>\n\n\n\n<div class=\"wp-block-button\"><a class=\"wp-block-button__link has-contrast-color has-base-background-color has-text-color has-background has-link-color wp-element-button\" href=\"https:\/\/uppycart.com\/ofertas_empleo_hosteleria\/tu-perfil\/\" style=\"border-width:1px\">Tu perfil<\/a><\/div>\n\n\n\n<div class=\"wp-block-button\"><a class=\"wp-block-button__link has-contrast-color has-base-background-color has-text-color has-background has-link-color wp-element-button\" href=\"https:\/\/uppycart.com\/ofertas_empleo_hosteleria\/tus-alertas\/\" style=\"border-width:1px\">Tus alertas<\/a><\/div>\n\n\n\n<div class=\"wp-block-button\"><a class=\"wp-block-button__link has-contrast-color has-base-background-color has-text-color has-background has-link-color wp-element-button\" href=\"https:\/\/uppycart.com\/ofertas_empleo_hosteleria\/historico\/\" style=\"border-width:1px\">Hist\u00f3rico<\/a><\/div>\n<\/div>\n\n\n\n<div style=\"height:30px\" aria-hidden=\"true\" class=\"wp-block-spacer\"><\/div>\n<\/div>\n<\/div>\n\n\n<div id=\"resume-manager-candidate-dashboard\">\n\n\t<p class=\"account-sign-in\">Es necesario que inicies sesi\u00f3n para gestionar tus curr\u00edculums. <a class=\"button\" href=\"https:\/\/uppycart.com\/ofertas_empleo_hosteleria\/wp-login.php?redirect_to=https%3A%2F%2Fuppycart.com%2Fofertas_empleo_hosteleria%2Ftu-perfil%2F\">Inicia sesi\u00f3n<\/a><\/p>\n\n<\/div>\n\n\n\n\n<div style=\"height:100px\" aria-hidden=\"true\" class=\"wp-block-spacer\"><\/div>\n\n\n\n<div class=\"wp-block-columns alignfull are-vertically-aligned-center has-base-2-background-color has-background is-layout-flex wp-container-core-columns-is-layout-28f84493 wp-block-columns-is-layout-flex\">\n<div class=\"wp-block-column is-vertically-aligned-center has-base-2-background-color has-background has-global-padding is-layout-constrained wp-block-column-is-layout-constrained\">\n<div class=\"wp-block-columns is-layout-flex wp-container-core-columns-is-layout-ef350914 wp-block-columns-is-layout-flex\" style=\"padding-top:var(--wp--preset--spacing--30);padding-bottom:var(--wp--preset--spacing--30)\">\n<div class=\"wp-block-column is-vertically-aligned-center is-layout-flow wp-block-column-is-layout-flow\">\n<h3 class=\"wp-block-heading\" id=\"h-digitaliza-tu-carta-gratis\">Digitaliza tu carta gratis<\/h3>\n\n\n\n<ul class=\"wp-block-list is-style-checkmark-list\">\n<li>Actualizaci\u00f3n f\u00e1cil y r\u00e1pida<\/li>\n\n\n\n<li>Acceso v\u00eda c\u00f3digo QR<\/li>\n\n\n\n<li>100% gratuito<\/li>\n\n\n\n<li>Directorio de cartas<\/li>\n<\/ul>\n\n\n\n<div class=\"wp-block-buttons is-content-justification-left is-layout-flex wp-container-core-buttons-is-layout-a53e7e97 wp-block-buttons-is-layout-flex\">\n<div class=\"wp-block-button\"><a class=\"wp-block-button__link wp-element-button\" href=\"https:\/\/uppycart.com\/\" target=\"_blank\" rel=\"noreferrer noopener\">\u00bfQuieres saber m\u00e1s?<\/a><\/div>\n\n\n\n<div class=\"wp-block-button is-style-fill\"><a class=\"wp-block-button__link has-contrast-color has-base-2-background-color has-text-color has-background has-link-color has-border-color has-contrast-border-color wp-element-button\" href=\"https:\/\/uppycart.com\/#registocuenta\" style=\"border-width:1px\" target=\"_blank\" rel=\"noreferrer noopener\">Reg\u00edstrate GRATIS<\/a><\/div>\n<\/div>\n<\/div>\n\n\n\n<div class=\"wp-block-column is-layout-flow wp-block-column-is-layout-flow\">\n<figure class=\"wp-block-image size-full has-custom-border is-style-default\"><img decoding=\"async\" width=\"1024\" height=\"681\" src=\"https:\/\/uppycart.com\/ofertas_empleo_hosteleria\/wp-content\/uploads\/2024\/09\/carta-digital-gratis.jpg\" alt=\"Carta digital GRATIS\" class=\"wp-image-565\" style=\"border-radius:24px\" srcset=\"https:\/\/uppycart.com\/ofertas_empleo_hosteleria\/wp-content\/uploads\/2024\/09\/carta-digital-gratis.jpg 1024w, https:\/\/uppycart.com\/ofertas_empleo_hosteleria\/wp-content\/uploads\/2024\/09\/carta-digital-gratis-300x200.jpg 300w, https:\/\/uppycart.com\/ofertas_empleo_hosteleria\/wp-content\/uploads\/2024\/09\/carta-digital-gratis-768x511.jpg 768w\" sizes=\"(max-width: 1024px) 100vw, 1024px\" \/><\/figure>\n<\/div>\n<\/div>\n<\/div>\n<\/div>\n\n\n\n<p><\/p>\n","protected":false},"excerpt":{"rendered":"","protected":false},"author":1,"featured_media":0,"parent":0,"menu_order":0,"comment_status":"closed","ping_status":"closed","template":"","meta":{"inline_featured_image":false,"footnotes":""},"class_list":["post-82","page","type-page","status-publish","hentry"],"yoast_head":"<!-- This site is optimized with the Yoast SEO Premium plugin v27.4 (Yoast SEO v27.5) - https:\/\/yoast.com\/product\/yoast-seo-premium-wordpress\/ -->\n<title>Tu Perfil - Ofertas de Empleo en Hosteler\u00eda<\/title>\n<meta name=\"description\" content=\"Gestiona tu perfil profesional y destaca entre los dem\u00e1s candidatos. Completa tu informaci\u00f3n, resalta tus habilidades y experiencia.\" \/>\n<meta name=\"robots\" content=\"index, follow, max-snippet:-1, max-image-preview:large, max-video-preview:-1\" \/>\n<link rel=\"canonical\" href=\"https:\/\/uppycart.com\/ofertas_empleo_hosteleria\/tu-perfil\/\" \/>\n<meta property=\"og:locale\" content=\"es_ES\" \/>\n<meta property=\"og:type\" content=\"article\" \/>\n<meta property=\"og:title\" content=\"Tu Perfil\" \/>\n<meta property=\"og:description\" content=\"Gestiona tu perfil profesional y destaca entre los dem\u00e1s candidatos. Completa tu informaci\u00f3n, resalta tus habilidades y experiencia.\" \/>\n<meta property=\"og:url\" content=\"https:\/\/uppycart.com\/ofertas_empleo_hosteleria\/tu-perfil\/\" \/>\n<meta property=\"og:site_name\" content=\"Ofertas de Empleo en Hosteler\u00eda\" \/>\n<meta property=\"article:publisher\" content=\"https:\/\/www.facebook.com\/Uppycart\" \/>\n<meta property=\"article:modified_time\" content=\"2024-10-24T09:06:10+00:00\" \/>\n<meta property=\"og:image\" content=\"https:\/\/uppycart.com\/ofertas_empleo_hosteleria\/wp-content\/uploads\/2024\/10\/portal-empleo-profesionales-hosteleria-portada.png\" \/>\n\t<meta property=\"og:image:width\" content=\"1920\" \/>\n\t<meta property=\"og:image:height\" content=\"1080\" \/>\n\t<meta property=\"og:image:type\" content=\"image\/png\" \/>\n<meta name=\"twitter:card\" content=\"summary_large_image\" \/>\n<meta name=\"twitter:site\" content=\"@uppycart\" \/>\n<meta name=\"twitter:label1\" content=\"Tiempo de lectura\" \/>\n\t<meta name=\"twitter:data1\" content=\"1 minuto\" \/>\n<script type=\"application\/ld+json\" class=\"yoast-schema-graph\">{\"@context\":\"https:\\\/\\\/schema.org\",\"@graph\":[{\"@type\":\"WebPage\",\"@id\":\"https:\\\/\\\/uppycart.com\\\/ofertas_empleo_hosteleria\\\/tu-perfil\\\/\",\"url\":\"https:\\\/\\\/uppycart.com\\\/ofertas_empleo_hosteleria\\\/tu-perfil\\\/\",\"name\":\"Tu Perfil - Ofertas de Empleo en Hosteler\u00eda\",\"isPartOf\":{\"@id\":\"https:\\\/\\\/uppycart.com\\\/ofertas_empleo_hosteleria\\\/#website\"},\"datePublished\":\"2024-09-18T08:27:08+00:00\",\"dateModified\":\"2024-10-24T09:06:10+00:00\",\"description\":\"Gestiona tu perfil profesional y destaca entre los dem\u00e1s candidatos. Completa tu informaci\u00f3n, resalta tus habilidades y experiencia.\",\"breadcrumb\":{\"@id\":\"https:\\\/\\\/uppycart.com\\\/ofertas_empleo_hosteleria\\\/tu-perfil\\\/#breadcrumb\"},\"inLanguage\":\"es\",\"potentialAction\":[{\"@type\":\"ReadAction\",\"target\":[\"https:\\\/\\\/uppycart.com\\\/ofertas_empleo_hosteleria\\\/tu-perfil\\\/\"]}]},{\"@type\":\"BreadcrumbList\",\"@id\":\"https:\\\/\\\/uppycart.com\\\/ofertas_empleo_hosteleria\\\/tu-perfil\\\/#breadcrumb\",\"itemListElement\":[{\"@type\":\"ListItem\",\"position\":1,\"name\":\"Portada\",\"item\":\"https:\\\/\\\/uppycart.com\\\/ofertas_empleo_hosteleria\\\/\"},{\"@type\":\"ListItem\",\"position\":2,\"name\":\"Tu Perfil\"}]},{\"@type\":\"WebSite\",\"@id\":\"https:\\\/\\\/uppycart.com\\\/ofertas_empleo_hosteleria\\\/#website\",\"url\":\"https:\\\/\\\/uppycart.com\\\/ofertas_empleo_hosteleria\\\/\",\"name\":\"Ofertas de Empleo en Hosteler\u00eda\",\"description\":\"Portal de empleo especializado en el sector de hosteler\u00eda, conectando a profesionales con ofertas de trabajo en restaurantes, hoteles, bares y cafeter\u00edas. Encuentra oportunidades laborales en cocina, sala, recepci\u00f3n y m\u00e1s.\",\"publisher\":{\"@id\":\"https:\\\/\\\/uppycart.com\\\/ofertas_empleo_hosteleria\\\/#organization\"},\"alternateName\":\"Uppycart\",\"potentialAction\":[{\"@type\":\"SearchAction\",\"target\":{\"@type\":\"EntryPoint\",\"urlTemplate\":\"https:\\\/\\\/uppycart.com\\\/ofertas_empleo_hosteleria\\\/?s={search_term_string}\"},\"query-input\":{\"@type\":\"PropertyValueSpecification\",\"valueRequired\":true,\"valueName\":\"search_term_string\"}}],\"inLanguage\":\"es\"},{\"@type\":\"Organization\",\"@id\":\"https:\\\/\\\/uppycart.com\\\/ofertas_empleo_hosteleria\\\/#organization\",\"name\":\"Uppycart\",\"alternateName\":\"Uppycart.com\",\"url\":\"https:\\\/\\\/uppycart.com\\\/ofertas_empleo_hosteleria\\\/\",\"logo\":{\"@type\":\"ImageObject\",\"inLanguage\":\"es\",\"@id\":\"https:\\\/\\\/uppycart.com\\\/ofertas_empleo_hosteleria\\\/#\\\/schema\\\/logo\\\/image\\\/\",\"url\":\"https:\\\/\\\/uppycart.com\\\/ofertas_empleo_hosteleria\\\/wp-content\\\/uploads\\\/2024\\\/10\\\/uppycart-icon.svg\",\"contentUrl\":\"https:\\\/\\\/uppycart.com\\\/ofertas_empleo_hosteleria\\\/wp-content\\\/uploads\\\/2024\\\/10\\\/uppycart-icon.svg\",\"width\":500,\"height\":500,\"caption\":\"Uppycart\"},\"image\":{\"@id\":\"https:\\\/\\\/uppycart.com\\\/ofertas_empleo_hosteleria\\\/#\\\/schema\\\/logo\\\/image\\\/\"},\"sameAs\":[\"https:\\\/\\\/www.facebook.com\\\/Uppycart\",\"https:\\\/\\\/x.com\\\/uppycart\",\"https:\\\/\\\/www.instagram.com\\\/uppycart\\\/\",\"https:\\\/\\\/www.linkedin.com\\\/company\\\/uppycart\\\/\"],\"description\":\"Portal de empleo especializado en el sector de hosteler\u00eda, conectando a profesionales con ofertas de trabajo en restaurantes, hoteles, bares y cafeter\u00edas. Encuentra oportunidades laborales en cocina, sala, recepci\u00f3n y m\u00e1s.\",\"email\":\"support@uppycart.com\",\"legalName\":\"Uppycart\",\"foundingDate\":\"2021-01-01\",\"numberOfEmployees\":{\"@type\":\"QuantitativeValue\",\"minValue\":\"1\",\"maxValue\":\"10\"}}]}<\/script>\n<!-- \/ Yoast SEO Premium plugin. -->","yoast_head_json":{"title":"Tu Perfil - Ofertas de Empleo en Hosteler\u00eda","description":"Gestiona tu perfil profesional y destaca entre los dem\u00e1s candidatos. Completa tu informaci\u00f3n, resalta tus habilidades y experiencia.","robots":{"index":"index","follow":"follow","max-snippet":"max-snippet:-1","max-image-preview":"max-image-preview:large","max-video-preview":"max-video-preview:-1"},"canonical":"https:\/\/uppycart.com\/ofertas_empleo_hosteleria\/tu-perfil\/","og_locale":"es_ES","og_type":"article","og_title":"Tu Perfil","og_description":"Gestiona tu perfil profesional y destaca entre los dem\u00e1s candidatos. Completa tu informaci\u00f3n, resalta tus habilidades y experiencia.","og_url":"https:\/\/uppycart.com\/ofertas_empleo_hosteleria\/tu-perfil\/","og_site_name":"Ofertas de Empleo en Hosteler\u00eda","article_publisher":"https:\/\/www.facebook.com\/Uppycart","article_modified_time":"2024-10-24T09:06:10+00:00","og_image":[{"width":1920,"height":1080,"url":"https:\/\/uppycart.com\/ofertas_empleo_hosteleria\/wp-content\/uploads\/2024\/10\/portal-empleo-profesionales-hosteleria-portada.png","type":"image\/png"}],"twitter_card":"summary_large_image","twitter_site":"@uppycart","twitter_misc":{"Tiempo de lectura":"1 minuto"},"schema":{"@context":"https:\/\/schema.org","@graph":[{"@type":"WebPage","@id":"https:\/\/uppycart.com\/ofertas_empleo_hosteleria\/tu-perfil\/","url":"https:\/\/uppycart.com\/ofertas_empleo_hosteleria\/tu-perfil\/","name":"Tu Perfil - Ofertas de Empleo en Hosteler\u00eda","isPartOf":{"@id":"https:\/\/uppycart.com\/ofertas_empleo_hosteleria\/#website"},"datePublished":"2024-09-18T08:27:08+00:00","dateModified":"2024-10-24T09:06:10+00:00","description":"Gestiona tu perfil profesional y destaca entre los dem\u00e1s candidatos. Completa tu informaci\u00f3n, resalta tus habilidades y experiencia.","breadcrumb":{"@id":"https:\/\/uppycart.com\/ofertas_empleo_hosteleria\/tu-perfil\/#breadcrumb"},"inLanguage":"es","potentialAction":[{"@type":"ReadAction","target":["https:\/\/uppycart.com\/ofertas_empleo_hosteleria\/tu-perfil\/"]}]},{"@type":"BreadcrumbList","@id":"https:\/\/uppycart.com\/ofertas_empleo_hosteleria\/tu-perfil\/#breadcrumb","itemListElement":[{"@type":"ListItem","position":1,"name":"Portada","item":"https:\/\/uppycart.com\/ofertas_empleo_hosteleria\/"},{"@type":"ListItem","position":2,"name":"Tu Perfil"}]},{"@type":"WebSite","@id":"https:\/\/uppycart.com\/ofertas_empleo_hosteleria\/#website","url":"https:\/\/uppycart.com\/ofertas_empleo_hosteleria\/","name":"Ofertas de Empleo en Hosteler\u00eda","description":"Portal de empleo especializado en el sector de hosteler\u00eda, conectando a profesionales con ofertas de trabajo en restaurantes, hoteles, bares y cafeter\u00edas. Encuentra oportunidades laborales en cocina, sala, recepci\u00f3n y m\u00e1s.","publisher":{"@id":"https:\/\/uppycart.com\/ofertas_empleo_hosteleria\/#organization"},"alternateName":"Uppycart","potentialAction":[{"@type":"SearchAction","target":{"@type":"EntryPoint","urlTemplate":"https:\/\/uppycart.com\/ofertas_empleo_hosteleria\/?s={search_term_string}"},"query-input":{"@type":"PropertyValueSpecification","valueRequired":true,"valueName":"search_term_string"}}],"inLanguage":"es"},{"@type":"Organization","@id":"https:\/\/uppycart.com\/ofertas_empleo_hosteleria\/#organization","name":"Uppycart","alternateName":"Uppycart.com","url":"https:\/\/uppycart.com\/ofertas_empleo_hosteleria\/","logo":{"@type":"ImageObject","inLanguage":"es","@id":"https:\/\/uppycart.com\/ofertas_empleo_hosteleria\/#\/schema\/logo\/image\/","url":"https:\/\/uppycart.com\/ofertas_empleo_hosteleria\/wp-content\/uploads\/2024\/10\/uppycart-icon.svg","contentUrl":"https:\/\/uppycart.com\/ofertas_empleo_hosteleria\/wp-content\/uploads\/2024\/10\/uppycart-icon.svg","width":500,"height":500,"caption":"Uppycart"},"image":{"@id":"https:\/\/uppycart.com\/ofertas_empleo_hosteleria\/#\/schema\/logo\/image\/"},"sameAs":["https:\/\/www.facebook.com\/Uppycart","https:\/\/x.com\/uppycart","https:\/\/www.instagram.com\/uppycart\/","https:\/\/www.linkedin.com\/company\/uppycart\/"],"description":"Portal de empleo especializado en el sector de hosteler\u00eda, conectando a profesionales con ofertas de trabajo en restaurantes, hoteles, bares y cafeter\u00edas. Encuentra oportunidades laborales en cocina, sala, recepci\u00f3n y m\u00e1s.","email":"support@uppycart.com","legalName":"Uppycart","foundingDate":"2021-01-01","numberOfEmployees":{"@type":"QuantitativeValue","minValue":"1","maxValue":"10"}}]}},"_links":{"self":[{"href":"https:\/\/uppycart.com\/ofertas_empleo_hosteleria\/wp-json\/wp\/v2\/pages\/82","targetHints":{"allow":["GET"]}}],"collection":[{"href":"https:\/\/uppycart.com\/ofertas_empleo_hosteleria\/wp-json\/wp\/v2\/pages"}],"about":[{"href":"https:\/\/uppycart.com\/ofertas_empleo_hosteleria\/wp-json\/wp\/v2\/types\/page"}],"author":[{"embeddable":true,"href":"https:\/\/uppycart.com\/ofertas_empleo_hosteleria\/wp-json\/wp\/v2\/users\/1"}],"replies":[{"embeddable":true,"href":"https:\/\/uppycart.com\/ofertas_empleo_hosteleria\/wp-json\/wp\/v2\/comments?post=82"}],"version-history":[{"count":0,"href":"https:\/\/uppycart.com\/ofertas_empleo_hosteleria\/wp-json\/wp\/v2\/pages\/82\/revisions"}],"wp:attachment":[{"href":"https:\/\/uppycart.com\/ofertas_empleo_hosteleria\/wp-json\/wp\/v2\/media?parent=82"}],"curies":[{"name":"wp","href":"https:\/\/api.w.org\/{rel}","templated":true}]}}