{"id":90,"date":"2024-09-18T10:01:00","date_gmt":"2024-09-18T10:01:00","guid":{"rendered":"https:\/\/uppycart.com\/ofertas_empleo_hosteleria\/?page_id=90"},"modified":"2024-10-24T09:17:52","modified_gmt":"2024-10-24T09:17:52","slug":"politicas-de-cookies","status":"publish","type":"page","link":"https:\/\/uppycart.com\/ofertas_empleo_hosteleria\/politicas-de-cookies\/","title":{"rendered":"Pol\u00edticas de cookies"},"content":{"rendered":"\n<p>En cumplimiento con el deber de informaci\u00f3n recogido en el apartado 2\u00ba del art\u00edculo 22 de la Ley 34\/2002, de 11 de julio, de Servicios de la Sociedad de la Informaci\u00f3n y del Comercio Electr\u00f3nico, la presente pol\u00edtica de cookies tiene por finalidad informarle de manera clara y precisa sobre las cookies que se utilizan en la p\u00e1gina web de UPPYCART.COM.<\/p>\n\n\n\n<h3 class=\"wp-block-heading\" id=\"h-que-son-las-cookies\">\u00bfQu\u00e9 son las cookies?<\/h3>\n\n\n\n<p>Una cookie es un fichero de peque\u00f1o tama\u00f1o que los sitios web env\u00edan al navegador y se descargan en su ordenador. Las cookies permiten que la p\u00e1gina web almacene y recupere la informaci\u00f3n sobre su visita, como su idioma preferido y otras opciones, con el fin de mejorar los servicios que se ofrecen y contribuir a tener una mejor experiencia de navegaci\u00f3n para el usuario.<\/p>\n\n\n\n<h3 class=\"wp-block-heading\" id=\"h-tipos-de-cookies\">Tipos de cookies<\/h3>\n\n\n\n<p>Existen muchos tipos de cookies, dependiendo de su finalidad y del tiempo que permanezcan almacenadas en el navegador del usuario (las hay que solo se instalan durante la sesi\u00f3n y otras que pueden permanecer durante a\u00f1os \u2014cookies persistentes\u2014). En base a esos criterios, hay cookies que requieren el consentimiento del usuario de la p\u00e1gina web y otras que no (cookies exceptuadas).<\/p>\n\n\n\n<p>Las cookies exceptuadas son, entre otras, aquellas que son imprescindibles para que el ordenador del usuario y los servidores de la <a href=\"https:\/\/www.uppycart.com\">WWW.UPPYCART.COM<\/a> puedan comunicarse entre s\u00ed y permitir al usuario navegar por la p\u00e1gina web de una forma m\u00e1s r\u00e1pida, sin recoger datos protegidos sobre \u00e9l.<\/p>\n\n\n\n<p>En funci\u00f3n de qui\u00e9n gestione el dominio desde donde se env\u00edan las cookies y se traten los datos, se distinguir\u00e1 entre cookies propias y cookies que pertenecen a terceros. Finalmente, en funci\u00f3n de la finalidad para la que se trate la informaci\u00f3n recopilada, las cookies se pueden clasificar en las siguientes categor\u00edas:<\/p>\n\n\n\n<ul class=\"wp-block-list\">\n<li><strong>Cookies t\u00e9cnicas<\/strong>: permiten al usuario navegar por un sitio web y utilizar algunos de los servicios ofrecidos por el mismo (como, por ejemplo, controlar el tr\u00e1fico y la comunicaci\u00f3n de datos, identificar la sesi\u00f3n, acceder a partes de acceso restringido, recordar los elementos que integran un pedido, realizar el proceso de compra de un pedido, realizar la solicitud de inscripci\u00f3n o participaci\u00f3n en un evento, utilizar elementos de seguridad durante la navegaci\u00f3n, almacenar contenidos para la difusi\u00f3n de v\u00eddeos o sonido o compartir contenidos a trav\u00e9s de redes sociales).<\/li>\n\n\n\n<li><strong>Cookies de personalizaci\u00f3n<\/strong>: permiten que el usuario acceda al sitio web con unas caracter\u00edsticas determinadas, como puede ser el idioma.<\/li>\n\n\n\n<li><strong>Cookies de seguridad<\/strong>: sirven para impedir o dificultar los ataques contra el sitio web.<\/li>\n\n\n\n<li><strong>Cookies anal\u00edticas<\/strong>: permiten al responsable o por terceros el seguimiento del comportamiento del usuario, as\u00ed como cuantificar el n\u00famero de usuarios, realizar la medici\u00f3n y an\u00e1lisis estad\u00edstico de la utilizaci\u00f3n que hacen los usuarios del servicio ofertado. Para ello, se analiza su navegaci\u00f3n en la p\u00e1gina web con el fin de mejorar la oferta de productos o servicios que ofrece UPPYCART.COM.<\/li>\n\n\n\n<li><strong>Cookies publicitarias<\/strong>: permiten la gesti\u00f3n de los espacios publicitarios en base a criterios concretos. Por ejemplo, la frecuencia de acceso, el contenido editado, etc. Las cookies de publicidad permiten, a trav\u00e9s de la gesti\u00f3n de la publicidad, almacenar informaci\u00f3n del comportamiento a trav\u00e9s de la observaci\u00f3n de h\u00e1bitos, estudiando los accesos y formando un perfil de preferencias del usuario, para ofrecer publicidad relacionada con los intereses de su perfil.<\/li>\n\n\n\n<li><strong>Cookies comportamentales<\/strong>: son aquellas que, bien tratadas por UPPYCART.COM o por terceros, permiten gestionar de la forma m\u00e1s eficaz posible la oferta de los espacios publicitarios que hay en la p\u00e1gina web, adecuando el contenido del anuncio al contenido del servicio solicitado o al uso que realice el usuario de la p\u00e1gina web. Para ello, UPPYCART.COM puede analizar los h\u00e1bitos de navegaci\u00f3n del usuario en Internet y mostrarle publicidad relacionada con su perfil de navegaci\u00f3n.<\/li>\n\n\n\n<li><strong>Cookies de geolocalizaci\u00f3n<\/strong>: utilizadas para averiguar el pa\u00eds donde se encuentra el usuario.<\/li>\n<\/ul>\n\n\n\n<h3 class=\"wp-block-heading\" id=\"h-la-aceptacion-de-las-cookies-en-nuestra-plataforma\">La aceptaci\u00f3n de las cookies en nuestra plataforma<\/h3>\n\n\n\n<p>La Ley 34\/2002, de 11 de julio, de Servicios de la Sociedad de la Informaci\u00f3n y de Comercio Electr\u00f3nico (en adelante, LSSICE), en relaci\u00f3n con las cookies, exige que los usuarios sean informados con car\u00e1cter previo a la experiencia de navegaci\u00f3n en la plataforma sobre el uso, tipo y finalidad de las cookies. Esa es la raz\u00f3n por la que hemos implementado un aviso informativo que se despliega una vez accede a nuestra plataforma, inform\u00e1ndole de manera previa y expresa, cumpliendo con dicho precepto legal. Es importante que tenga en cuenta que en este aviso encontrar\u00e1 dos opciones: la primera, que podr\u00e1 utilizar para aceptar la instalaci\u00f3n de las cookies en su equipo; la segunda, que le permitir\u00e1 configurar qu\u00e9 cookies acepta que se instalen y cu\u00e1les rechaza.<\/p>\n\n\n\n<h3 class=\"wp-block-heading\" id=\"h-autorizacion-para-el-uso-de-cookies\">Autorizaci\u00f3n para el uso de cookies<\/h3>\n\n\n\n<p>De conformidad con el aviso de cookies que aparece en el sitio web, el usuario puede consentir expresamente el uso de cookies que requieran consentimiento; sin embargo, el uso de cookies t\u00e9cnicas o necesarias no requiere de consentimiento. Sin perjuicio de todo ello, el usuario puede modificar la configuraci\u00f3n de su navegador para rechazar el uso de las cookies.<\/p>\n\n\n\n<h3 class=\"wp-block-heading\" id=\"h-como-modificar-la-configuracion-de-las-cookies\">C\u00f3mo modificar la configuraci\u00f3n de las cookies<\/h3>\n\n\n\n<p>Usted puede restringir, bloquear o borrar las cookies de UPPYCART.COM o cualquier otra p\u00e1gina web utilizando su navegador. En cada navegador la operativa es diferente; puede encontrar c\u00f3mo hacerlo en el men\u00fa de ayuda de su navegador donde se establece el procedimiento para su eliminaci\u00f3n. Para m\u00e1s informaci\u00f3n:<\/p>\n\n\n\n<ul class=\"wp-block-list\">\n<li><a href=\"https:\/\/support.google.com\/chrome\/answer\/95647?co=GENIE.Platform%3DDesktop&amp;hl=es\">Google Chrome.<\/a><\/li>\n\n\n\n<li><a href=\"https:\/\/support.mozilla.org\/es\/kb\/habilitar-y-deshabilitar-cookies-sitios-web-rastrear-preferencias\">Mozilla Firefox.<\/a><\/li>\n\n\n\n<li><a href=\"https:\/\/support.apple.com\/es-es\/guide\/safari\/sfri11471\/mac\">Safari.<\/a><\/li>\n\n\n\n<li><a href=\"https:\/\/support.microsoft.com\/es-es\/help\/278835\/how-to-delete-cookie-files-in-internet-explorer\">Internet Explorer.<\/a><\/li>\n<\/ul>\n\n\n\n<p>Es posible que al deshabilitar las cookies la p\u00e1gina web no funcione correctamente o no pueda acceder a determinadas funciones de la misma.<\/p>\n\n\n\n<h3 class=\"wp-block-heading\" id=\"h-sobre-las-cookies-de-las-redes-sociales\">Sobre las cookies de las redes sociales<\/h3>\n\n\n\n<p>Finalmente, queremos advertirle de que nuestra plataforma no administra las redes sociales o plataformas de terceros como Facebook, Instagram, LinkedIn, Twitter, YouTube, entre otras, donde UPPYCART.COM tiene presencia, con lo cual tampoco es responsable de las cookies que instalan dichas plataformas. En calidad de usuario de nuestra plataforma online, est\u00e1 obligado a consultar las pol\u00edticas de privacidad y cookies de dichas redes para estar al corriente del tipo y finalidades y decidir aceptarlas o rechazarlas.<\/p>\n\n\n\n<ul class=\"wp-block-list\">\n<li><a href=\"https:\/\/www.facebook.com\/help\/cookies\/\">Cookies utilizadas por Facebook.<\/a><\/li>\n\n\n\n<li><a href=\"https:\/\/help.instagram.com\/1896641480634370\">Cookies utilizadas por Instagram.<\/a><\/li>\n\n\n\n<li><a href=\"https:\/\/help.twitter.com\/es\/rules-and-policies\/twitter-cookies\">Cookies utilizadas por Twitter.<\/a><\/li>\n\n\n\n<li><a href=\"https:\/\/policies.google.com\/technologies\/cookies?hl=es-419\">Cookies utilizadas por YouTube.<\/a><\/li>\n\n\n\n<li><a href=\"https:\/\/www.linkedin.com\/legal\/cookie-policy?_l=es_ES\">Cookies utilizadas por LinkedIn.<\/a><\/li>\n<\/ul>\n\n\n\n<h3 class=\"wp-block-heading\" id=\"h-las-cookies-utilizadas-en-la-web\">Las cookies utilizadas en la web<\/h3>\n\n\n\n<p>En el portal web se utilizan diferentes tipos de cookies con distintas finalidades; a continuaci\u00f3n, se enumeran las cookies empleadas:<\/p>\n\n\n\n<p><\/p>\n\n\n\n<figure class=\"wp-block-table\"><table><tbody><tr><td><strong>Cookie<\/strong><\/td><td><strong>Propietario<\/strong><\/td><td><strong>Fecha de caducidad<\/strong><\/td><td><strong>Funci\u00f3n<\/strong><\/td><td><strong>Tipo<\/strong><\/td><\/tr><tr><td>WP Cookies<\/td><td>uppycart.com<\/td><td>24 meses<\/td><td>Cookies propias del CMS de WordPress para el correcto funcionamiento de la web<\/td><td>T\u00e9cnica<\/td><\/tr><tr><td>WP Rocket<\/td><td>uppycart.com<\/td><td>15 d\u00edas<\/td><td>Mejora la velocidad de navegaci\u00f3n en la web y optimiza la entrega<\/td><td>T\u00e9cnica<\/td><\/tr><tr><td>Yoast SEO Cookies<\/td><td>uppycart.com<\/td><td>24 meses<\/td><td>Indexaci\u00f3n de contenidos en buscadores<\/td><td>T\u00e9cnica<\/td><\/tr><tr><td>Google Analytics Cookies<\/td><td><a href=\"https:\/\/www.google.com\/intl\/es_es\/policies\/technologies\/cookies\/\">.google.com<\/a><\/td><td>24 meses<\/td><td>An\u00e1lisis del uso de nuestra web para mapear los targets, obtener m\u00e1s informaci\u00f3n sobre las estad\u00edsticas e implementar mejoras en los sitios web<\/td><td>Anal\u00edtica<\/td><\/tr><tr><td>Google AdWords Cookies<\/td><td><a href=\"https:\/\/www.google.com\/intl\/es_es\/policies\/technologies\/cookies\/\">.google.com<\/a><\/td><td>24 meses<\/td><td>An\u00e1lisis y seguimiento &amp; publicidad para hacer ofertas relevantes<\/td><td>Publicitaria<\/td><\/tr><tr><td>YouTube Cookies<\/td><td><a href=\"https:\/\/www.google.com\/intl\/es_es\/policies\/technologies\/cookies\/\">.google.com<\/a><\/td><td>24 meses<\/td><td>Widget YouTube \u2013 recopilando informaci\u00f3n sobre los espectadores<\/td><td>Publicitaria<\/td><\/tr><tr><td>Search Console Cookies<\/td><td><a href=\"https:\/\/www.google.com\/intl\/es_es\/policies\/technologies\/cookies\/\">.google.com<\/a><\/td><td>24 meses<\/td><td>Comprobar el estado de la indexaci\u00f3n del sitio en internet y optimizarlo<\/td><td>Anal\u00edtica<\/td><\/tr><tr><td>Twitter Cookies<\/td><td><a href=\"https:\/\/support.twitter.com\/articles\/20170521-el-uso-que-hace-twitter-de-cookies-y-tecnologias-similares\">.twitter.com<\/a><\/td><td>6 meses<\/td><td>Obtener resultados de campa\u00f1a tanto en cuanto a impresiones y clics como a las actividades dentro del sitio<\/td><td>Publicitaria<\/td><\/tr><tr><td>Facebook Cookies<\/td><td><a href=\"https:\/\/www.facebook.com\/help\/cookies\">.facebook.com<\/a><\/td><td>30 d\u00edas<\/td><td>Obtener resultados de campa\u00f1a tanto en cuanto a impresiones y clics como a las actividades dentro del sitio del anunciante<\/td><td>Publicitaria<\/td><\/tr><tr><td>Google Tag Manager<\/td><td><a href=\"https:\/\/googletagmanager.com\" target=\"_blank\" rel=\"noreferrer noopener\">googletagmanager.com<\/a><\/td><td>3 meses<\/td><td>Utilizada por Google AdSense para experimentar con la eficiencia publicitaria a trav\u00e9s de las webs usando sus servicios<\/td><td>Anal\u00edtica<\/td><\/tr><\/tbody><\/table><\/figure>\n\n\n\n<p><\/p>\n\n\n\n<p>Ni esta web ni sus representantes legales se hacen responsables ni del contenido ni de la veracidad de las pol\u00edticas de privacidad que puedan tener los terceros mencionados en esta pol\u00edtica de cookies.<\/p>\n\n\n\n<h3 class=\"wp-block-heading\">Modificaci\u00f3n de las condiciones<\/h3>\n\n\n\n<p>UPPYCART.COM se reserva expresamente el derecho a modificar unilateralmente, total o parcialmente, sin necesidad de previo aviso, la presente Pol\u00edtica de Cookies. El usuario reconoce y acepta que es su responsabilidad revisar la presente Pol\u00edtica de Cookies.<\/p>\n","protected":false},"excerpt":{"rendered":"<p>En cumplimiento con el deber de informaci\u00f3n recogido en el apartado 2\u00ba del art\u00edculo 22 de la Ley 34\/2002, de 11 de julio, de Servicios de la Sociedad de la Informaci\u00f3n y del Comercio Electr\u00f3nico, la presente pol\u00edtica de cookies tiene por finalidad informarle de manera clara y precisa sobre las cookies que se utilizan [&hellip;]<\/p>\n","protected":false},"author":1,"featured_media":0,"parent":0,"menu_order":0,"comment_status":"closed","ping_status":"closed","template":"","meta":{"inline_featured_image":false,"footnotes":""},"class_list":["post-90","page","type-page","status-publish","hentry"],"yoast_head":"<!-- This site is optimized with the Yoast SEO Premium plugin v27.4 (Yoast SEO v27.5) - https:\/\/yoast.com\/product\/yoast-seo-premium-wordpress\/ -->\n<title>Pol\u00edticas de cookies - Ofertas de Empleo en Hosteler\u00eda<\/title>\n<meta name=\"description\" content=\"Conoce c\u00f3mo utilizamos cookies en nuestro sitio web para mejorar tu experiencia de navegaci\u00f3n. Ent\u00e9rate qu\u00e9 tipo de cookies usamos.\" \/>\n<meta name=\"robots\" content=\"index, follow, max-snippet:-1, max-image-preview:large, max-video-preview:-1\" \/>\n<link rel=\"canonical\" href=\"https:\/\/uppycart.com\/ofertas_empleo_hosteleria\/politicas-de-cookies\/\" \/>\n<meta property=\"og:locale\" content=\"es_ES\" \/>\n<meta property=\"og:type\" content=\"article\" \/>\n<meta property=\"og:title\" content=\"Pol\u00edticas de cookies\" \/>\n<meta property=\"og:description\" content=\"Conoce c\u00f3mo utilizamos cookies en nuestro sitio web para mejorar tu experiencia de navegaci\u00f3n. Ent\u00e9rate qu\u00e9 tipo de cookies usamos.\" \/>\n<meta property=\"og:url\" content=\"https:\/\/uppycart.com\/ofertas_empleo_hosteleria\/politicas-de-cookies\/\" \/>\n<meta property=\"og:site_name\" content=\"Ofertas de Empleo en Hosteler\u00eda\" \/>\n<meta property=\"article:publisher\" content=\"https:\/\/www.facebook.com\/Uppycart\" \/>\n<meta property=\"article:modified_time\" content=\"2024-10-24T09:17:52+00:00\" \/>\n<meta property=\"og:image\" content=\"https:\/\/uppycart.com\/ofertas_empleo_hosteleria\/wp-content\/uploads\/2024\/10\/profesionales-hosteleria.jpg\" \/>\n\t<meta property=\"og:image:width\" content=\"1920\" \/>\n\t<meta property=\"og:image:height\" content=\"1280\" \/>\n\t<meta property=\"og:image:type\" content=\"image\/jpeg\" \/>\n<meta name=\"twitter:card\" content=\"summary_large_image\" \/>\n<meta name=\"twitter:site\" content=\"@uppycart\" \/>\n<meta name=\"twitter:label1\" content=\"Tiempo de lectura\" \/>\n\t<meta name=\"twitter:data1\" content=\"7 minutos\" \/>\n<script type=\"application\/ld+json\" class=\"yoast-schema-graph\">{\"@context\":\"https:\\\/\\\/schema.org\",\"@graph\":[{\"@type\":\"WebPage\",\"@id\":\"https:\\\/\\\/uppycart.com\\\/ofertas_empleo_hosteleria\\\/politicas-de-cookies\\\/\",\"url\":\"https:\\\/\\\/uppycart.com\\\/ofertas_empleo_hosteleria\\\/politicas-de-cookies\\\/\",\"name\":\"Pol\u00edticas de cookies - Ofertas de Empleo en Hosteler\u00eda\",\"isPartOf\":{\"@id\":\"https:\\\/\\\/uppycart.com\\\/ofertas_empleo_hosteleria\\\/#website\"},\"datePublished\":\"2024-09-18T10:01:00+00:00\",\"dateModified\":\"2024-10-24T09:17:52+00:00\",\"description\":\"Conoce c\u00f3mo utilizamos cookies en nuestro sitio web para mejorar tu experiencia de navegaci\u00f3n. Ent\u00e9rate qu\u00e9 tipo de cookies usamos.\",\"breadcrumb\":{\"@id\":\"https:\\\/\\\/uppycart.com\\\/ofertas_empleo_hosteleria\\\/politicas-de-cookies\\\/#breadcrumb\"},\"inLanguage\":\"es\",\"potentialAction\":[{\"@type\":\"ReadAction\",\"target\":[\"https:\\\/\\\/uppycart.com\\\/ofertas_empleo_hosteleria\\\/politicas-de-cookies\\\/\"]}]},{\"@type\":\"BreadcrumbList\",\"@id\":\"https:\\\/\\\/uppycart.com\\\/ofertas_empleo_hosteleria\\\/politicas-de-cookies\\\/#breadcrumb\",\"itemListElement\":[{\"@type\":\"ListItem\",\"position\":1,\"name\":\"Portada\",\"item\":\"https:\\\/\\\/uppycart.com\\\/ofertas_empleo_hosteleria\\\/\"},{\"@type\":\"ListItem\",\"position\":2,\"name\":\"Pol\u00edticas de cookies\"}]},{\"@type\":\"WebSite\",\"@id\":\"https:\\\/\\\/uppycart.com\\\/ofertas_empleo_hosteleria\\\/#website\",\"url\":\"https:\\\/\\\/uppycart.com\\\/ofertas_empleo_hosteleria\\\/\",\"name\":\"Ofertas de Empleo en Hosteler\u00eda\",\"description\":\"Portal de empleo especializado en el sector de hosteler\u00eda, conectando a profesionales con ofertas de trabajo en restaurantes, hoteles, bares y cafeter\u00edas. Encuentra oportunidades laborales en cocina, sala, recepci\u00f3n y m\u00e1s.\",\"publisher\":{\"@id\":\"https:\\\/\\\/uppycart.com\\\/ofertas_empleo_hosteleria\\\/#organization\"},\"alternateName\":\"Uppycart\",\"potentialAction\":[{\"@type\":\"SearchAction\",\"target\":{\"@type\":\"EntryPoint\",\"urlTemplate\":\"https:\\\/\\\/uppycart.com\\\/ofertas_empleo_hosteleria\\\/?s={search_term_string}\"},\"query-input\":{\"@type\":\"PropertyValueSpecification\",\"valueRequired\":true,\"valueName\":\"search_term_string\"}}],\"inLanguage\":\"es\"},{\"@type\":\"Organization\",\"@id\":\"https:\\\/\\\/uppycart.com\\\/ofertas_empleo_hosteleria\\\/#organization\",\"name\":\"Uppycart\",\"alternateName\":\"Uppycart.com\",\"url\":\"https:\\\/\\\/uppycart.com\\\/ofertas_empleo_hosteleria\\\/\",\"logo\":{\"@type\":\"ImageObject\",\"inLanguage\":\"es\",\"@id\":\"https:\\\/\\\/uppycart.com\\\/ofertas_empleo_hosteleria\\\/#\\\/schema\\\/logo\\\/image\\\/\",\"url\":\"https:\\\/\\\/uppycart.com\\\/ofertas_empleo_hosteleria\\\/wp-content\\\/uploads\\\/2024\\\/10\\\/uppycart-icon.svg\",\"contentUrl\":\"https:\\\/\\\/uppycart.com\\\/ofertas_empleo_hosteleria\\\/wp-content\\\/uploads\\\/2024\\\/10\\\/uppycart-icon.svg\",\"width\":500,\"height\":500,\"caption\":\"Uppycart\"},\"image\":{\"@id\":\"https:\\\/\\\/uppycart.com\\\/ofertas_empleo_hosteleria\\\/#\\\/schema\\\/logo\\\/image\\\/\"},\"sameAs\":[\"https:\\\/\\\/www.facebook.com\\\/Uppycart\",\"https:\\\/\\\/x.com\\\/uppycart\",\"https:\\\/\\\/www.instagram.com\\\/uppycart\\\/\",\"https:\\\/\\\/www.linkedin.com\\\/company\\\/uppycart\\\/\"],\"description\":\"Portal de empleo especializado en el sector de hosteler\u00eda, conectando a profesionales con ofertas de trabajo en restaurantes, hoteles, bares y cafeter\u00edas. Encuentra oportunidades laborales en cocina, sala, recepci\u00f3n y m\u00e1s.\",\"email\":\"support@uppycart.com\",\"legalName\":\"Uppycart\",\"foundingDate\":\"2021-01-01\",\"numberOfEmployees\":{\"@type\":\"QuantitativeValue\",\"minValue\":\"1\",\"maxValue\":\"10\"}}]}<\/script>\n<!-- \/ Yoast SEO Premium plugin. -->","yoast_head_json":{"title":"Pol\u00edticas de cookies - Ofertas de Empleo en Hosteler\u00eda","description":"Conoce c\u00f3mo utilizamos cookies en nuestro sitio web para mejorar tu experiencia de navegaci\u00f3n. Ent\u00e9rate qu\u00e9 tipo de cookies usamos.","robots":{"index":"index","follow":"follow","max-snippet":"max-snippet:-1","max-image-preview":"max-image-preview:large","max-video-preview":"max-video-preview:-1"},"canonical":"https:\/\/uppycart.com\/ofertas_empleo_hosteleria\/politicas-de-cookies\/","og_locale":"es_ES","og_type":"article","og_title":"Pol\u00edticas de cookies","og_description":"Conoce c\u00f3mo utilizamos cookies en nuestro sitio web para mejorar tu experiencia de navegaci\u00f3n. Ent\u00e9rate qu\u00e9 tipo de cookies usamos.","og_url":"https:\/\/uppycart.com\/ofertas_empleo_hosteleria\/politicas-de-cookies\/","og_site_name":"Ofertas de Empleo en Hosteler\u00eda","article_publisher":"https:\/\/www.facebook.com\/Uppycart","article_modified_time":"2024-10-24T09:17:52+00:00","og_image":[{"width":1920,"height":1280,"url":"https:\/\/uppycart.com\/ofertas_empleo_hosteleria\/wp-content\/uploads\/2024\/10\/profesionales-hosteleria.jpg","type":"image\/jpeg"}],"twitter_card":"summary_large_image","twitter_site":"@uppycart","twitter_misc":{"Tiempo de lectura":"7 minutos"},"schema":{"@context":"https:\/\/schema.org","@graph":[{"@type":"WebPage","@id":"https:\/\/uppycart.com\/ofertas_empleo_hosteleria\/politicas-de-cookies\/","url":"https:\/\/uppycart.com\/ofertas_empleo_hosteleria\/politicas-de-cookies\/","name":"Pol\u00edticas de cookies - Ofertas de Empleo en Hosteler\u00eda","isPartOf":{"@id":"https:\/\/uppycart.com\/ofertas_empleo_hosteleria\/#website"},"datePublished":"2024-09-18T10:01:00+00:00","dateModified":"2024-10-24T09:17:52+00:00","description":"Conoce c\u00f3mo utilizamos cookies en nuestro sitio web para mejorar tu experiencia de navegaci\u00f3n. Ent\u00e9rate qu\u00e9 tipo de cookies usamos.","breadcrumb":{"@id":"https:\/\/uppycart.com\/ofertas_empleo_hosteleria\/politicas-de-cookies\/#breadcrumb"},"inLanguage":"es","potentialAction":[{"@type":"ReadAction","target":["https:\/\/uppycart.com\/ofertas_empleo_hosteleria\/politicas-de-cookies\/"]}]},{"@type":"BreadcrumbList","@id":"https:\/\/uppycart.com\/ofertas_empleo_hosteleria\/politicas-de-cookies\/#breadcrumb","itemListElement":[{"@type":"ListItem","position":1,"name":"Portada","item":"https:\/\/uppycart.com\/ofertas_empleo_hosteleria\/"},{"@type":"ListItem","position":2,"name":"Pol\u00edticas de cookies"}]},{"@type":"WebSite","@id":"https:\/\/uppycart.com\/ofertas_empleo_hosteleria\/#website","url":"https:\/\/uppycart.com\/ofertas_empleo_hosteleria\/","name":"Ofertas de Empleo en Hosteler\u00eda","description":"Portal de empleo especializado en el sector de hosteler\u00eda, conectando a profesionales con ofertas de trabajo en restaurantes, hoteles, bares y cafeter\u00edas. Encuentra oportunidades laborales en cocina, sala, recepci\u00f3n y m\u00e1s.","publisher":{"@id":"https:\/\/uppycart.com\/ofertas_empleo_hosteleria\/#organization"},"alternateName":"Uppycart","potentialAction":[{"@type":"SearchAction","target":{"@type":"EntryPoint","urlTemplate":"https:\/\/uppycart.com\/ofertas_empleo_hosteleria\/?s={search_term_string}"},"query-input":{"@type":"PropertyValueSpecification","valueRequired":true,"valueName":"search_term_string"}}],"inLanguage":"es"},{"@type":"Organization","@id":"https:\/\/uppycart.com\/ofertas_empleo_hosteleria\/#organization","name":"Uppycart","alternateName":"Uppycart.com","url":"https:\/\/uppycart.com\/ofertas_empleo_hosteleria\/","logo":{"@type":"ImageObject","inLanguage":"es","@id":"https:\/\/uppycart.com\/ofertas_empleo_hosteleria\/#\/schema\/logo\/image\/","url":"https:\/\/uppycart.com\/ofertas_empleo_hosteleria\/wp-content\/uploads\/2024\/10\/uppycart-icon.svg","contentUrl":"https:\/\/uppycart.com\/ofertas_empleo_hosteleria\/wp-content\/uploads\/2024\/10\/uppycart-icon.svg","width":500,"height":500,"caption":"Uppycart"},"image":{"@id":"https:\/\/uppycart.com\/ofertas_empleo_hosteleria\/#\/schema\/logo\/image\/"},"sameAs":["https:\/\/www.facebook.com\/Uppycart","https:\/\/x.com\/uppycart","https:\/\/www.instagram.com\/uppycart\/","https:\/\/www.linkedin.com\/company\/uppycart\/"],"description":"Portal de empleo especializado en el sector de hosteler\u00eda, conectando a profesionales con ofertas de trabajo en restaurantes, hoteles, bares y cafeter\u00edas. Encuentra oportunidades laborales en cocina, sala, recepci\u00f3n y m\u00e1s.","email":"support@uppycart.com","legalName":"Uppycart","foundingDate":"2021-01-01","numberOfEmployees":{"@type":"QuantitativeValue","minValue":"1","maxValue":"10"}}]}},"_links":{"self":[{"href":"https:\/\/uppycart.com\/ofertas_empleo_hosteleria\/wp-json\/wp\/v2\/pages\/90","targetHints":{"allow":["GET"]}}],"collection":[{"href":"https:\/\/uppycart.com\/ofertas_empleo_hosteleria\/wp-json\/wp\/v2\/pages"}],"about":[{"href":"https:\/\/uppycart.com\/ofertas_empleo_hosteleria\/wp-json\/wp\/v2\/types\/page"}],"author":[{"embeddable":true,"href":"https:\/\/uppycart.com\/ofertas_empleo_hosteleria\/wp-json\/wp\/v2\/users\/1"}],"replies":[{"embeddable":true,"href":"https:\/\/uppycart.com\/ofertas_empleo_hosteleria\/wp-json\/wp\/v2\/comments?post=90"}],"version-history":[{"count":0,"href":"https:\/\/uppycart.com\/ofertas_empleo_hosteleria\/wp-json\/wp\/v2\/pages\/90\/revisions"}],"wp:attachment":[{"href":"https:\/\/uppycart.com\/ofertas_empleo_hosteleria\/wp-json\/wp\/v2\/media?parent=90"}],"curies":[{"name":"wp","href":"https:\/\/api.w.org\/{rel}","templated":true}]}}